{"id":2829,"date":"2023-09-23T12:07:47","date_gmt":"2023-09-23T12:07:47","guid":{"rendered":"https:\/\/ambicare.cz\/sarka-kozojedova\/"},"modified":"2024-01-26T13:39:50","modified_gmt":"2024-01-26T13:39:50","slug":"sarka-kozojedova","status":"publish","type":"page","link":"https:\/\/ambicare.cz\/en\/our-doctors\/sarka-kozojedova\/","title":{"rendered":"\u0160\u00e1rka Kozojedov\u00e1"},"content":{"rendered":"<p>[et_pb_section fb_built=&#8221;1&#8243; _builder_version=&#8221;4.22.1&#8243; background_color=&#8221;#F0F1F4&#8243; custom_margin=&#8221;||-50px||false|false&#8221; custom_padding=&#8221;40px||0px|||&#8221; global_colors_info=&#8221;{}&#8221; da_is_popup=&#8221;off&#8221; da_exit_intent=&#8221;off&#8221; da_has_close=&#8221;on&#8221; da_alt_close=&#8221;off&#8221; da_dark_close=&#8221;off&#8221; da_not_modal=&#8221;on&#8221; da_is_singular=&#8221;off&#8221; da_with_loader=&#8221;off&#8221; da_has_shadow=&#8221;on&#8221; da_disable_devices=&#8221;off|off|off&#8221;][et_pb_row column_structure=&#8221;3_4,1_4&#8243; _builder_version=&#8221;4.22.1&#8243; _module_preset=&#8221;default&#8221; global_colors_info=&#8221;{}&#8221;][et_pb_column type=&#8221;3_4&#8243; _builder_version=&#8221;4.22.1&#8243; _module_preset=&#8221;default&#8221; global_colors_info=&#8221;{}&#8221;][et_pb_text _builder_version=&#8221;4.22.2&#8243; header_font=&#8221;|700|||||||&#8221; header_font_size=&#8221;50px&#8221; custom_margin=&#8221;||43px||false|false&#8221; header_text_align_tablet=&#8221;&#8221; header_text_align_phone=&#8221;center&#8221; header_text_align_last_edited=&#8221;on|phone&#8221; header_font_size_tablet=&#8221;30px&#8221; header_font_size_phone=&#8221;25px&#8221; header_font_size_last_edited=&#8221;on|tablet&#8221; global_colors_info=&#8221;{}&#8221; custom_css_main_element_last_edited=&#8221;on|phone&#8221; custom_css_main_element_phone=&#8221;order: 1;&#8221;]<\/p>\n<h1>MUDr. \u0160\u00e1rka Kozojedov\u00e1<\/h1>\n<p><span style=\"font-size: large;\">physician<\/span><\/p>\n<p>[\/et_pb_text][\/et_pb_column][et_pb_column type=&#8221;1_4&#8243; _builder_version=&#8221;4.22.1&#8243; _module_preset=&#8221;default&#8221; global_colors_info=&#8221;{}&#8221;][\/et_pb_column][\/et_pb_row][et_pb_row column_structure=&#8221;3_4,1_4&#8243; make_equal=&#8221;on&#8221; _builder_version=&#8221;4.22.1&#8243; transform_translate=&#8221;0px|-108px&#8221; transform_translate_linked=&#8221;off&#8221; custom_margin=&#8221;-25px||||false|false&#8221; custom_padding=&#8221;0px||2px||false|false&#8221; custom_css_main_element=&#8221;display: flex;||flex-wrap: wrap;&#8221; global_colors_info=&#8221;{}&#8221;][et_pb_column type=&#8221;3_4&#8243; module_class=&#8221;vertical-align&#8221; _builder_version=&#8221;4.16&#8243; global_colors_info=&#8221;{}&#8221;][et_pb_text _builder_version=&#8221;4.22.2&#8243; custom_margin=&#8221;130px||||false|false&#8221; custom_margin_tablet=&#8221;130px||||false|false&#8221; custom_margin_phone=&#8221;35px||||false|false&#8221; custom_margin_last_edited=&#8221;on|tablet&#8221; header_3_text_align_tablet=&#8221;&#8221; header_3_text_align_phone=&#8221;center&#8221; header_3_text_align_last_edited=&#8221;on|phone&#8221; global_colors_info=&#8221;{}&#8221;]<\/p>\n<h3>Education<\/h3>\n<p>[\/et_pb_text][et_pb_text _builder_version=&#8221;4.22.2&#8243; text_font_size=&#8221;16px&#8221; text_line_height=&#8221;1.6em&#8221; custom_margin=&#8221;-23px||43px|||&#8221; text_orientation_tablet=&#8221;&#8221; text_orientation_phone=&#8221;center&#8221; text_orientation_last_edited=&#8221;on|phone&#8221; global_colors_info=&#8221;{}&#8221;]<\/p>\n<ul>\n<li style=\"text-align: left;\"><span>Second Faculty of Medicine, Charles University in Prague<\/span><\/li>\n<\/ul>\n<p>[\/et_pb_text][et_pb_text _builder_version=&#8221;4.22.2&#8243; custom_margin=&#8221;2px||2px||false|false&#8221; header_3_text_align_tablet=&#8221;&#8221; header_3_text_align_phone=&#8221;center&#8221; header_3_text_align_last_edited=&#8221;on|phone&#8221; global_colors_info=&#8221;{}&#8221;]<\/p>\n<h3>Specialisation and board certification<\/h3>\n<p>[\/et_pb_text][et_pb_text _builder_version=&#8221;4.22.2&#8243; text_font_size=&#8221;16px&#8221; text_line_height=&#8221;1.6em&#8221; text_orientation_tablet=&#8221;&#8221; text_orientation_phone=&#8221;center&#8221; text_orientation_last_edited=&#8221;on|phone&#8221; global_colors_info=&#8221;{}&#8221;]<\/p>\n<ul>\n<li style=\"text-align: left;\">Board certification in dermatology and venereology<\/li>\n<li style=\"text-align: left;\">Specialisation in dermatology and venereology<\/li>\n<\/ul>\n<p>[\/et_pb_text][et_pb_text _builder_version=&#8221;4.22.1&#8243; custom_margin=&#8221;2px||2px||false|false&#8221; header_3_text_align_tablet=&#8221;&#8221; header_3_text_align_phone=&#8221;center&#8221; header_3_text_align_last_edited=&#8221;on|phone&#8221; global_colors_info=&#8221;{}&#8221;]<\/p>\n<h3>Professional experience<\/h3>\n<p>[\/et_pb_text][et_pb_text _builder_version=&#8221;4.22.2&#8243; text_font_size=&#8221;16px&#8221; text_line_height=&#8221;1.6em&#8221; text_orientation_tablet=&#8221;&#8221; text_orientation_phone=&#8221;center&#8221; text_orientation_last_edited=&#8221;on|phone&#8221; global_colors_info=&#8221;{}&#8221;]<\/p>\n<ul>\n<li style=\"text-align: left;\">Dermatovenereology Clinic, Na Bulovce Hospital<\/li>\n<li style=\"text-align: left;\">Department of Dermatology, Kladno Regional Hospital<\/li>\n<li style=\"text-align: left;\">Outpatient Venereology Lidick\u00e1 30, Praha 5 (Medicentrum Beroun s.r.o.)<\/li>\n<li style=\"text-align: left;\">Department of Dermatovenereology, University Hospital Motol<\/li>\n<\/ul>\n<p>[\/et_pb_text][et_pb_text _builder_version=&#8221;4.22.2&#8243; custom_margin=&#8221;11px||10px||false|false&#8221; header_3_text_align_tablet=&#8221;&#8221; header_3_text_align_phone=&#8221;center&#8221; header_3_text_align_last_edited=&#8221;on|phone&#8221; global_colors_info=&#8221;{}&#8221;]<\/p>\n<h3>Membership of medical societies<\/h3>\n<p>[\/et_pb_text][et_pb_text _builder_version=&#8221;4.22.2&#8243; text_font_size=&#8221;16px&#8221; text_line_height=&#8221;1.6em&#8221; custom_margin=&#8221;|-357px||||&#8221; custom_margin_tablet=&#8221;|-357px||||&#8221; custom_margin_phone=&#8221;|0px|||false|false&#8221; custom_margin_last_edited=&#8221;on|phone&#8221; custom_padding=&#8221;|0px||||&#8221; text_orientation_tablet=&#8221;&#8221; text_orientation_phone=&#8221;center&#8221; text_orientation_last_edited=&#8221;on|phone&#8221; locked=&#8221;off&#8221; global_colors_info=&#8221;{}&#8221;]<\/p>\n<ul>\n<li style=\"text-align: left;\">Czech Dermatovenereology Society CzMA JEP<\/li>\n<li style=\"text-align: left;\">Czech Academy of Dermatology and Venereology<\/li>\n<\/ul>\n<p>[\/et_pb_text][et_pb_button button_url=&#8221;#kontakt-ambi4&#8243; button_text=&#8221;Make an appointment with a doctor&#8221; button_alignment=&#8221;center&#8221; button_alignment_tablet=&#8221;left&#8221; button_alignment_phone=&#8221;center&#8221; button_alignment_last_edited=&#8221;on|phone&#8221; module_class=&#8221;primary_button&#8221; _builder_version=&#8221;4.22.1&#8243; custom_button=&#8221;on&#8221; button_text_size=&#8221;16px&#8221; button_text_color=&#8221;#ffffff&#8221; button_border_width=&#8221;0px&#8221; button_border_radius=&#8221;50px&#8221; button_letter_spacing=&#8221;1px&#8221; button_font=&#8221;Poppins||||||||&#8221; button_use_icon=&#8221;off&#8221; custom_margin=&#8221;|||180px|false|false&#8221; custom_margin_tablet=&#8221;|||180px|false|false&#8221; custom_margin_phone=&#8221;|||0px|false|false&#8221; custom_margin_last_edited=&#8221;on|phone&#8221; custom_padding=&#8221;20px|40px|20px|40px|true|true&#8221; custom_padding_tablet=&#8221;&#8221; custom_padding_phone=&#8221;15px|30px|15px|30px|true|true&#8221; custom_padding_last_edited=&#8221;on|phone&#8221; locked=&#8221;off&#8221; global_colors_info=&#8221;{}&#8221; button_bg_color__hover_enabled=&#8221;on|hover&#8221; button_bg_color__hover=&#8221;&#8221; button_bg_enable_color__hover=&#8221;off&#8221;][\/et_pb_button][\/et_pb_column][et_pb_column type=&#8221;1_4&#8243; _builder_version=&#8221;4.16&#8243; global_colors_info=&#8221;{}&#8221;][\/et_pb_column][\/et_pb_row][\/et_pb_section][et_pb_section fb_built=&#8221;1&#8243; module_id=&#8221;kontakt-ambi4&#8243; _builder_version=&#8221;4.22.1&#8243; background_color=&#8221;#FFFFFF&#8221; custom_margin=&#8221;-1px||17px||false|false&#8221; custom_padding=&#8221;0px||0px|||&#8221; da_disable_devices=&#8221;off|off|off&#8221; saved_tabs=&#8221;all&#8221; global_colors_info=&#8221;{}&#8221; theme_builder_area=&#8221;post_content&#8221; da_is_popup=&#8221;off&#8221; da_exit_intent=&#8221;off&#8221; da_has_close=&#8221;on&#8221; da_alt_close=&#8221;off&#8221; da_dark_close=&#8221;off&#8221; da_not_modal=&#8221;on&#8221; da_is_singular=&#8221;off&#8221; da_with_loader=&#8221;off&#8221; da_has_shadow=&#8221;on&#8221;][et_pb_row column_structure=&#8221;3_5,2_5&#8243; _builder_version=&#8221;4.21.0&#8243; width_tablet=&#8221;&#8221; width_phone=&#8221;90%&#8221; width_last_edited=&#8221;on|phone&#8221; custom_margin=&#8221;||40px||false|false&#8221; custom_padding=&#8221;0px||50px||false|false&#8221; global_colors_info=&#8221;{}&#8221; theme_builder_area=&#8221;post_content&#8221;][et_pb_column type=&#8221;3_5&#8243; _builder_version=&#8221;4.16&#8243; global_colors_info=&#8221;{}&#8221; theme_builder_area=&#8221;post_content&#8221;][et_pb_contact_form email=&#8221;recepce@ambicare.eu&#8221; title=&#8221;Contact form&#8221; success_message=&#8221;Thank you for your message, we will contact you soon. &#8221; submit_button_text=&#8221;Send message&#8221; _builder_version=&#8221;4.24.0&#8243; _module_preset=&#8221;default&#8221; _unique_id=&#8221;e214a609-4f9b-44d5-a242-de65608191ab&#8221; title_font=&#8221;Poppins|700|||||||&#8221; form_field_font=&#8221;Poppins||||||||&#8221; custom_button=&#8221;on&#8221; button_font=&#8221;Poppins||||||||&#8221; button_custom_margin=&#8221;|200px|||false|false&#8221; button_custom_margin_tablet=&#8221;|200px|||false|false&#8221; button_custom_margin_phone=&#8221;|0px|||false|false&#8221; button_custom_margin_last_edited=&#8221;on|phone&#8221; button_custom_padding=&#8221;||||false|false&#8221; custom_margin=&#8221;100px||||false|false&#8221; border_radii=&#8221;on|12px|12px|12px|12px&#8221; global_colors_info=&#8221;{}&#8221; theme_builder_area=&#8221;post_content&#8221;][et_pb_contact_field field_id=&#8221;Name&#8221; field_title=&#8221;Name&#8221; _builder_version=&#8221;4.24.0&#8243; global_colors_info=&#8221;{}&#8221; button_text_size__hover_enabled=&#8221;off&#8221; button_one_text_size__hover_enabled=&#8221;off&#8221; button_two_text_size__hover_enabled=&#8221;off&#8221; button_text_color__hover_enabled=&#8221;off&#8221; button_one_text_color__hover_enabled=&#8221;off&#8221; button_two_text_color__hover_enabled=&#8221;off&#8221; button_border_width__hover_enabled=&#8221;off&#8221; button_one_border_width__hover_enabled=&#8221;off&#8221; button_two_border_width__hover_enabled=&#8221;off&#8221; button_border_color__hover_enabled=&#8221;off&#8221; button_one_border_color__hover_enabled=&#8221;off&#8221; button_two_border_color__hover_enabled=&#8221;off&#8221; button_border_radius__hover_enabled=&#8221;off&#8221; button_one_border_radius__hover_enabled=&#8221;off&#8221; button_two_border_radius__hover_enabled=&#8221;off&#8221; button_letter_spacing__hover_enabled=&#8221;off&#8221; button_one_letter_spacing__hover_enabled=&#8221;off&#8221; button_two_letter_spacing__hover_enabled=&#8221;off&#8221; button_bg_color__hover_enabled=&#8221;off&#8221; button_one_bg_color__hover_enabled=&#8221;off&#8221; button_two_bg_color__hover_enabled=&#8221;off&#8221; theme_builder_area=&#8221;post_content&#8221;][\/et_pb_contact_field][et_pb_contact_field field_id=&#8221;Email&#8221; field_title=&#8221;Email&#8221; field_type=&#8221;email&#8221; _builder_version=&#8221;4.24.0&#8243; global_colors_info=&#8221;{}&#8221; button_text_size__hover_enabled=&#8221;off&#8221; button_one_text_size__hover_enabled=&#8221;off&#8221; button_two_text_size__hover_enabled=&#8221;off&#8221; button_text_color__hover_enabled=&#8221;off&#8221; button_one_text_color__hover_enabled=&#8221;off&#8221; button_two_text_color__hover_enabled=&#8221;off&#8221; button_border_width__hover_enabled=&#8221;off&#8221; button_one_border_width__hover_enabled=&#8221;off&#8221; button_two_border_width__hover_enabled=&#8221;off&#8221; button_border_color__hover_enabled=&#8221;off&#8221; button_one_border_color__hover_enabled=&#8221;off&#8221; button_two_border_color__hover_enabled=&#8221;off&#8221; button_border_radius__hover_enabled=&#8221;off&#8221; button_one_border_radius__hover_enabled=&#8221;off&#8221; button_two_border_radius__hover_enabled=&#8221;off&#8221; button_letter_spacing__hover_enabled=&#8221;off&#8221; button_one_letter_spacing__hover_enabled=&#8221;off&#8221; button_two_letter_spacing__hover_enabled=&#8221;off&#8221; button_bg_color__hover_enabled=&#8221;off&#8221; button_one_bg_color__hover_enabled=&#8221;off&#8221; button_two_bg_color__hover_enabled=&#8221;off&#8221; theme_builder_area=&#8221;post_content&#8221;][\/et_pb_contact_field][et_pb_contact_field field_id=&#8221;Message&#8221; field_title=&#8221;Your message&#8221; field_type=&#8221;text&#8221; fullwidth_field=&#8221;on&#8221; _builder_version=&#8221;4.24.0&#8243; global_colors_info=&#8221;{}&#8221; button_text_size__hover_enabled=&#8221;off&#8221; button_one_text_size__hover_enabled=&#8221;off&#8221; button_two_text_size__hover_enabled=&#8221;off&#8221; button_text_color__hover_enabled=&#8221;off&#8221; button_one_text_color__hover_enabled=&#8221;off&#8221; button_two_text_color__hover_enabled=&#8221;off&#8221; button_border_width__hover_enabled=&#8221;off&#8221; button_one_border_width__hover_enabled=&#8221;off&#8221; button_two_border_width__hover_enabled=&#8221;off&#8221; button_border_color__hover_enabled=&#8221;off&#8221; button_one_border_color__hover_enabled=&#8221;off&#8221; button_two_border_color__hover_enabled=&#8221;off&#8221; button_border_radius__hover_enabled=&#8221;off&#8221; button_one_border_radius__hover_enabled=&#8221;off&#8221; button_two_border_radius__hover_enabled=&#8221;off&#8221; button_letter_spacing__hover_enabled=&#8221;off&#8221; button_one_letter_spacing__hover_enabled=&#8221;off&#8221; button_two_letter_spacing__hover_enabled=&#8221;off&#8221; button_bg_color__hover_enabled=&#8221;off&#8221; button_one_bg_color__hover_enabled=&#8221;off&#8221; button_two_bg_color__hover_enabled=&#8221;off&#8221; theme_builder_area=&#8221;post_content&#8221;][\/et_pb_contact_field][\/et_pb_contact_form][\/et_pb_column][et_pb_column type=&#8221;2_5&#8243; _builder_version=&#8221;4.16&#8243; global_colors_info=&#8221;{}&#8221; theme_builder_area=&#8221;post_content&#8221;][et_pb_text _builder_version=&#8221;4.21.0&#8243; text_text_color=&#8221;#ffffff&#8221; header_text_align=&#8221;left&#8221; header_2_font=&#8221;|700|||||||&#8221; header_2_text_align=&#8221;left&#8221; header_2_font_size=&#8221;25px&#8221; max_width=&#8221;500px&#8221; module_alignment=&#8221;center&#8221; custom_margin=&#8221;100px||30px||false|false&#8221; custom_margin_tablet=&#8221;50px||30px||false|false&#8221; custom_margin_phone=&#8221;&#8221; custom_margin_last_edited=&#8221;on|tablet&#8221; header_2_font_size_tablet=&#8221;&#8221; header_2_font_size_phone=&#8221;22px&#8221; header_2_font_size_last_edited=&#8221;on|phone&#8221; module_alignment_tablet=&#8221;left&#8221; module_alignment_phone=&#8221;&#8221; module_alignment_last_edited=&#8221;on|tablet&#8221; locked=&#8221;off&#8221; global_colors_info=&#8221;{}&#8221; theme_builder_area=&#8221;post_content&#8221;]<\/p>\n<h2>Make an appointment with a doctor<\/h2>\n<p>[\/et_pb_text][et_pb_blurb title=&#8221;recepce@ambicare.eu&#8221; use_icon=&#8221;on&#8221; font_icon=&#8221;&#xe010;||divi||400&#8243; icon_placement=&#8221;left&#8221; content_max_width_tablet=&#8221;100%&#8221; content_max_width_phone=&#8221;&#8221; content_max_width_last_edited=&#8221;on|tablet&#8221; module_class=&#8221;rp_blurb05&#8243; _builder_version=&#8221;4.21.0&#8243; header_font=&#8221;||||||||&#8221; header_letter_spacing=&#8221;1px&#8221; header_line_height=&#8221;1.9em&#8221; custom_margin=&#8221;||5px|||&#8221; locked=&#8221;off&#8221; global_colors_info=&#8221;{}&#8221; theme_builder_area=&#8221;post_content&#8221;][\/et_pb_blurb][et_pb_blurb title=&#8221;+420 607 037 172&#8243; use_icon=&#8221;on&#8221; font_icon=&#8221;&#x77;||divi||400&#8243; icon_placement=&#8221;left&#8221; content_max_width_tablet=&#8221;100%&#8221; content_max_width_phone=&#8221;&#8221; content_max_width_last_edited=&#8221;on|tablet&#8221; module_class=&#8221;rp_blurb05&#8243; _builder_version=&#8221;4.21.0&#8243; header_font=&#8221;||||||||&#8221; header_letter_spacing=&#8221;1px&#8221; header_line_height=&#8221;1.9em&#8221; custom_margin=&#8221;||5px|||&#8221; locked=&#8221;off&#8221; global_colors_info=&#8221;{}&#8221; theme_builder_area=&#8221;post_content&#8221;][\/et_pb_blurb][et_pb_blurb title=&#8221;+420 601 129 744&#8243; use_icon=&#8221;on&#8221; font_icon=&#8221;&#x77;||divi||400&#8243; icon_placement=&#8221;left&#8221; content_max_width_tablet=&#8221;100%&#8221; content_max_width_phone=&#8221;&#8221; content_max_width_last_edited=&#8221;on|tablet&#8221; module_class=&#8221;rp_blurb05&#8243; _builder_version=&#8221;4.22.1&#8243; header_font=&#8221;||||||||&#8221; header_letter_spacing=&#8221;1px&#8221; header_line_height=&#8221;1.9em&#8221; custom_margin=&#8221;||5px|||&#8221; locked=&#8221;off&#8221; global_colors_info=&#8221;{}&#8221; theme_builder_area=&#8221;post_content&#8221;][\/et_pb_blurb][et_pb_blurb title=&#8221;Ambicare Prague 4 &#8211; K Hrn\u010d\u00ed\u0159\u016fm 25, Praha 4&#8243; use_icon=&#8221;on&#8221; font_icon=&#8221;&#xe01f;||divi||400&#8243; icon_placement=&#8221;left&#8221; content_max_width_tablet=&#8221;100%&#8221; content_max_width_phone=&#8221;&#8221; content_max_width_last_edited=&#8221;on|tablet&#8221; module_class=&#8221;rp_blurb05&#8243; _builder_version=&#8221;4.24.0&#8243; header_font=&#8221;||||||||&#8221; header_letter_spacing=&#8221;1px&#8221; header_line_height=&#8221;1.9em&#8221; custom_margin=&#8221;||5px|||&#8221; locked=&#8221;off&#8221; global_colors_info=&#8221;{}&#8221; theme_builder_area=&#8221;post_content&#8221;][\/et_pb_blurb][\/et_pb_column][\/et_pb_row][\/et_pb_section]<\/p>\n","protected":false},"excerpt":{"rendered":"<p>MUDr. \u0160\u00e1rka Kozojedov\u00e1 physicianEducation Second Faculty of Medicine, Charles University in Prague Specialisation and board certification Board certification in dermatology and venereology Specialisation in dermatology and venereology Professional experience Dermatovenereology Clinic, Na Bulovce Hospital Department of Dermatology, Kladno Regional Hospital Outpatient Venereology Lidick\u00e1 30, Praha 5 (Medicentrum Beroun s.r.o.) Department of Dermatovenereology, University Hospital Motol [&hellip;]<\/p>\n","protected":false},"author":8,"featured_media":0,"parent":3148,"menu_order":0,"comment_status":"closed","ping_status":"closed","template":"","meta":{"_et_pb_use_builder":"on","_et_pb_old_content":"","_et_gb_content_width":"","footnotes":""},"class_list":["post-2829","page","type-page","status-publish","hentry"],"yoast_head":"<!-- This site is optimized with the Yoast SEO plugin v26.7 - https:\/\/yoast.com\/wordpress\/plugins\/seo\/ -->\n<title>\u0160\u00e1rka Kozojedov\u00e1 - Ambicare<\/title>\n<meta name=\"robots\" content=\"index, follow, max-snippet:-1, max-image-preview:large, max-video-preview:-1\" \/>\n<link rel=\"canonical\" href=\"https:\/\/ambicare.cz\/en\/our-doctors\/sarka-kozojedova\/\" \/>\n<meta property=\"og:locale\" content=\"en_US\" \/>\n<meta property=\"og:type\" content=\"article\" \/>\n<meta property=\"og:title\" content=\"\u0160\u00e1rka Kozojedov\u00e1 - Ambicare\" \/>\n<meta property=\"og:description\" content=\"MUDr. \u0160\u00e1rka Kozojedov\u00e1 physicianEducation Second Faculty of Medicine, Charles University in Prague Specialisation and board certification Board certification in dermatology and venereology Specialisation in dermatology and venereology Professional experience Dermatovenereology Clinic, Na Bulovce Hospital Department of Dermatology, Kladno Regional Hospital Outpatient Venereology Lidick\u00e1 30, Praha 5 (Medicentrum Beroun s.r.o.) Department of Dermatovenereology, University Hospital Motol [&hellip;]\" \/>\n<meta property=\"og:url\" content=\"https:\/\/ambicare.cz\/en\/our-doctors\/sarka-kozojedova\/\" \/>\n<meta property=\"og:site_name\" content=\"Ambicare\" \/>\n<meta property=\"article:modified_time\" content=\"2024-01-26T13:39:50+00:00\" \/>\n<meta name=\"twitter:card\" content=\"summary_large_image\" \/>\n<meta name=\"twitter:label1\" content=\"Est. reading time\" \/>\n\t<meta name=\"twitter:data1\" content=\"9 minutes\" \/>\n<script type=\"application\/ld+json\" class=\"yoast-schema-graph\">{\"@context\":\"https:\/\/schema.org\",\"@graph\":[{\"@type\":\"WebPage\",\"@id\":\"https:\/\/ambicare.cz\/en\/our-doctors\/sarka-kozojedova\/\",\"url\":\"https:\/\/ambicare.cz\/en\/our-doctors\/sarka-kozojedova\/\",\"name\":\"\u0160\u00e1rka Kozojedov\u00e1 - Ambicare\",\"isPartOf\":{\"@id\":\"https:\/\/ambicare.cz\/#website\"},\"datePublished\":\"2023-09-23T12:07:47+00:00\",\"dateModified\":\"2024-01-26T13:39:50+00:00\",\"breadcrumb\":{\"@id\":\"https:\/\/ambicare.cz\/en\/our-doctors\/sarka-kozojedova\/#breadcrumb\"},\"inLanguage\":\"en-US\",\"potentialAction\":[{\"@type\":\"ReadAction\",\"target\":[\"https:\/\/ambicare.cz\/en\/our-doctors\/sarka-kozojedova\/\"]}]},{\"@type\":\"BreadcrumbList\",\"@id\":\"https:\/\/ambicare.cz\/en\/our-doctors\/sarka-kozojedova\/#breadcrumb\",\"itemListElement\":[{\"@type\":\"ListItem\",\"position\":1,\"name\":\"Dom\u016f\",\"item\":\"https:\/\/ambicare.cz\/en\/\"},{\"@type\":\"ListItem\",\"position\":2,\"name\":\"Our doctors\",\"item\":\"https:\/\/ambicare.cz\/en\/our-doctors\/\"},{\"@type\":\"ListItem\",\"position\":3,\"name\":\"\u0160\u00e1rka Kozojedov\u00e1\"}]},{\"@type\":\"WebSite\",\"@id\":\"https:\/\/ambicare.cz\/#website\",\"url\":\"https:\/\/ambicare.cz\/\",\"name\":\"Ambicare\",\"description\":\"Ordinace odborn\u00fdch l\u00e9ka\u0159\u016f pod jednou st\u0159echou\",\"potentialAction\":[{\"@type\":\"SearchAction\",\"target\":{\"@type\":\"EntryPoint\",\"urlTemplate\":\"https:\/\/ambicare.cz\/?s={search_term_string}\"},\"query-input\":{\"@type\":\"PropertyValueSpecification\",\"valueRequired\":true,\"valueName\":\"search_term_string\"}}],\"inLanguage\":\"en-US\"}]}<\/script>\n<!-- \/ Yoast SEO plugin. -->","yoast_head_json":{"title":"\u0160\u00e1rka Kozojedov\u00e1 - Ambicare","robots":{"index":"index","follow":"follow","max-snippet":"max-snippet:-1","max-image-preview":"max-image-preview:large","max-video-preview":"max-video-preview:-1"},"canonical":"https:\/\/ambicare.cz\/en\/our-doctors\/sarka-kozojedova\/","og_locale":"en_US","og_type":"article","og_title":"\u0160\u00e1rka Kozojedov\u00e1 - Ambicare","og_description":"MUDr. \u0160\u00e1rka Kozojedov\u00e1 physicianEducation Second Faculty of Medicine, Charles University in Prague Specialisation and board certification Board certification in dermatology and venereology Specialisation in dermatology and venereology Professional experience Dermatovenereology Clinic, Na Bulovce Hospital Department of Dermatology, Kladno Regional Hospital Outpatient Venereology Lidick\u00e1 30, Praha 5 (Medicentrum Beroun s.r.o.) Department of Dermatovenereology, University Hospital Motol [&hellip;]","og_url":"https:\/\/ambicare.cz\/en\/our-doctors\/sarka-kozojedova\/","og_site_name":"Ambicare","article_modified_time":"2024-01-26T13:39:50+00:00","twitter_card":"summary_large_image","twitter_misc":{"Est. reading time":"9 minutes"},"schema":{"@context":"https:\/\/schema.org","@graph":[{"@type":"WebPage","@id":"https:\/\/ambicare.cz\/en\/our-doctors\/sarka-kozojedova\/","url":"https:\/\/ambicare.cz\/en\/our-doctors\/sarka-kozojedova\/","name":"\u0160\u00e1rka Kozojedov\u00e1 - Ambicare","isPartOf":{"@id":"https:\/\/ambicare.cz\/#website"},"datePublished":"2023-09-23T12:07:47+00:00","dateModified":"2024-01-26T13:39:50+00:00","breadcrumb":{"@id":"https:\/\/ambicare.cz\/en\/our-doctors\/sarka-kozojedova\/#breadcrumb"},"inLanguage":"en-US","potentialAction":[{"@type":"ReadAction","target":["https:\/\/ambicare.cz\/en\/our-doctors\/sarka-kozojedova\/"]}]},{"@type":"BreadcrumbList","@id":"https:\/\/ambicare.cz\/en\/our-doctors\/sarka-kozojedova\/#breadcrumb","itemListElement":[{"@type":"ListItem","position":1,"name":"Dom\u016f","item":"https:\/\/ambicare.cz\/en\/"},{"@type":"ListItem","position":2,"name":"Our doctors","item":"https:\/\/ambicare.cz\/en\/our-doctors\/"},{"@type":"ListItem","position":3,"name":"\u0160\u00e1rka Kozojedov\u00e1"}]},{"@type":"WebSite","@id":"https:\/\/ambicare.cz\/#website","url":"https:\/\/ambicare.cz\/","name":"Ambicare","description":"Ordinace odborn\u00fdch l\u00e9ka\u0159\u016f pod jednou st\u0159echou","potentialAction":[{"@type":"SearchAction","target":{"@type":"EntryPoint","urlTemplate":"https:\/\/ambicare.cz\/?s={search_term_string}"},"query-input":{"@type":"PropertyValueSpecification","valueRequired":true,"valueName":"search_term_string"}}],"inLanguage":"en-US"}]}},"_links":{"self":[{"href":"https:\/\/ambicare.cz\/en\/wp-json\/wp\/v2\/pages\/2829","targetHints":{"allow":["GET"]}}],"collection":[{"href":"https:\/\/ambicare.cz\/en\/wp-json\/wp\/v2\/pages"}],"about":[{"href":"https:\/\/ambicare.cz\/en\/wp-json\/wp\/v2\/types\/page"}],"author":[{"embeddable":true,"href":"https:\/\/ambicare.cz\/en\/wp-json\/wp\/v2\/users\/8"}],"replies":[{"embeddable":true,"href":"https:\/\/ambicare.cz\/en\/wp-json\/wp\/v2\/comments?post=2829"}],"version-history":[{"count":2,"href":"https:\/\/ambicare.cz\/en\/wp-json\/wp\/v2\/pages\/2829\/revisions"}],"predecessor-version":[{"id":3339,"href":"https:\/\/ambicare.cz\/en\/wp-json\/wp\/v2\/pages\/2829\/revisions\/3339"}],"up":[{"embeddable":true,"href":"https:\/\/ambicare.cz\/en\/wp-json\/wp\/v2\/pages\/3148"}],"wp:attachment":[{"href":"https:\/\/ambicare.cz\/en\/wp-json\/wp\/v2\/media?parent=2829"}],"curies":[{"name":"wp","href":"https:\/\/api.w.org\/{rel}","templated":true}]}}