{"id":3146,"date":"2023-09-09T18:31:37","date_gmt":"2023-09-09T18:31:37","guid":{"rendered":"https:\/\/ambicare.cz\/our-specialisations\/"},"modified":"2024-01-25T19:18:51","modified_gmt":"2024-01-25T19:18:51","slug":"our-specialisations","status":"publish","type":"page","link":"https:\/\/ambicare.cz\/en\/our-specialisations\/","title":{"rendered":"Our specialisations"},"content":{"rendered":"<p>[et_pb_section fb_built=&#8221;1&#8243; custom_padding_last_edited=&#8221;on|phone&#8221; _builder_version=&#8221;4.16&#8243; background_color=&#8221;#F0F1F4&#8243; custom_padding=&#8221;100px||0px||false|false&#8221; custom_padding_tablet=&#8221;80px||50px||false|false&#8221; custom_padding_phone=&#8221;50px||||false|false&#8221; da_disable_devices=&#8221;off|off|off&#8221; global_colors_info=&#8221;{}&#8221; da_is_popup=&#8221;off&#8221; da_exit_intent=&#8221;off&#8221; da_has_close=&#8221;on&#8221; da_alt_close=&#8221;off&#8221; da_dark_close=&#8221;off&#8221; da_not_modal=&#8221;on&#8221; da_is_singular=&#8221;off&#8221; da_with_loader=&#8221;off&#8221; da_has_shadow=&#8221;on&#8221;][et_pb_row custom_padding_last_edited=&#8221;on|tablet&#8221; _builder_version=&#8221;4.16&#8243; custom_padding=&#8221;1px||||false|false&#8221; custom_padding_tablet=&#8221;0px||0px||false|false&#8221; custom_padding_phone=&#8221;&#8221; global_colors_info=&#8221;{}&#8221;][et_pb_column type=&#8221;4_4&#8243; _builder_version=&#8221;4.16&#8243; global_colors_info=&#8221;{}&#8221;][et_pb_text _builder_version=&#8221;4.22.1&#8243; header_font=&#8221;|700|||||||&#8221; header_text_align=&#8221;center&#8221; header_font_size=&#8221;50px&#8221; header_font_size_tablet=&#8221;30px&#8221; header_font_size_phone=&#8221;25px&#8221; header_font_size_last_edited=&#8221;on|phone&#8221; header_line_height_tablet=&#8221;1.3em&#8221; header_line_height_phone=&#8221;&#8221; header_line_height_last_edited=&#8221;on|tablet&#8221; global_colors_info=&#8221;{}&#8221;]<\/p>\n<h1><strong>Our specialisations<\/strong><\/h1>\n<p>[\/et_pb_text][\/et_pb_column][\/et_pb_row][\/et_pb_section][et_pb_section fb_built=&#8221;1&#8243; custom_padding_last_edited=&#8221;on|tablet&#8221; _builder_version=&#8221;4.16&#8243; background_color=&#8221;#F0F1F4&#8243; background_image=&#8221;http:\/\/ambicare.cz\/wp-content\/uploads\/2023\/07\/medical21.png&#8221; background_size=&#8221;contain&#8221; background_position=&#8221;center_right&#8221; custom_padding=&#8221;40px||0px||false|false&#8221; custom_padding_tablet=&#8221;50px||0px||false|false&#8221; custom_padding_phone=&#8221;&#8221; da_disable_devices=&#8221;off|off|off&#8221; locked=&#8221;off&#8221; global_colors_info=&#8221;{}&#8221; da_is_popup=&#8221;off&#8221; da_exit_intent=&#8221;off&#8221; da_has_close=&#8221;on&#8221; da_alt_close=&#8221;off&#8221; da_dark_close=&#8221;off&#8221; da_not_modal=&#8221;on&#8221; da_is_singular=&#8221;off&#8221; da_with_loader=&#8221;off&#8221; da_has_shadow=&#8221;on&#8221;][et_pb_row _builder_version=&#8221;4.16&#8243; custom_margin=&#8221;|auto|24px|auto|false|false&#8221; custom_margin_tablet=&#8221;||0px||false|false&#8221; custom_margin_phone=&#8221;|auto|0px|auto|false|false&#8221; custom_margin_last_edited=&#8221;on|phone&#8221; custom_padding=&#8221;0px|||||&#8221; locked=&#8221;off&#8221; global_colors_info=&#8221;{}&#8221;][et_pb_column type=&#8221;4_4&#8243; _builder_version=&#8221;4.16&#8243; global_colors_info=&#8221;{}&#8221;][et_pb_text _builder_version=&#8221;4.22.1&#8243; text_font=&#8221;||||||||&#8221; text_font_size=&#8221;16px&#8221; text_line_height=&#8221;1.8em&#8221; text_orientation=&#8221;center&#8221; max_width=&#8221;700px&#8221; module_alignment=&#8221;center&#8221; text_font_size_tablet=&#8221;&#8221; text_font_size_phone=&#8221;15px&#8221; text_font_size_last_edited=&#8221;on|phone&#8221; global_colors_info=&#8221;{}&#8221;]<\/p>\n<p style=\"text-align: justify;\"><span>We specialise in a wide range of fields, including dentistry, dermatology, gynaecology, surgery, and more, so that we can provide you with comprehensive and high-quality care for your health.<\/span><\/p>\n<p>[\/et_pb_text][\/et_pb_column][\/et_pb_row][et_pb_row use_custom_gutter=&#8221;on&#8221; gutter_width=&#8221;2&#8243; custom_padding_last_edited=&#8221;on|phone&#8221; _builder_version=&#8221;4.22.1&#8243; custom_padding=&#8221;||70px||false|false&#8221; custom_padding_tablet=&#8221;0px||||false|false&#8221; custom_padding_phone=&#8221;0px||||false|false&#8221; global_colors_info=&#8221;{}&#8221;][et_pb_column type=&#8221;4_4&#8243; _builder_version=&#8221;4.16&#8243; global_colors_info=&#8221;{}&#8221;][et_pb_filterable_portfolio fullwidth=&#8221;off&#8221; posts_number=&#8221;16&#8243; include_categories=&#8221;17,18&#8243; show_categories=&#8221;off&#8221; show_pagination=&#8221;off&#8221; zoom_icon_color=&#8221;rgba(0,0,0,0)&#8221; hover_overlay_color=&#8221;rgba(0,0,0,0)&#8221; module_class=&#8221;rp_portfolio&#8221; _builder_version=&#8221;4.22.1&#8243; title_text_align=&#8221;center&#8221; title_text_color=&#8221;#ffffff&#8221; title_font_size=&#8221;18px&#8221; filter_text_color=&#8221;#2A3D60&#8243; filter_letter_spacing=&#8221;1px&#8221; text_orientation=&#8221;center&#8221; border_radii=&#8221;on|10px|10px|10px|10px&#8221; border_width_all=&#8221;2px&#8221; border_color_all=&#8221;#F0F1F4&#8243; border_radii_image=&#8221;on|10px|10px|10px|10px&#8221; global_colors_info=&#8221;{}&#8221;][\/et_pb_filterable_portfolio][\/et_pb_column][\/et_pb_row][\/et_pb_section][et_pb_section fb_built=&#8221;1&#8243; _builder_version=&#8221;4.22.1&#8243; background_color=&#8221;#FFFFFF&#8221; custom_margin=&#8221;-1px||17px||false|false&#8221; custom_padding=&#8221;0px||0px|||&#8221; da_disable_devices=&#8221;off|off|off&#8221; saved_tabs=&#8221;all&#8221; global_colors_info=&#8221;{}&#8221; da_is_popup=&#8221;off&#8221; da_exit_intent=&#8221;off&#8221; da_has_close=&#8221;on&#8221; da_alt_close=&#8221;off&#8221; da_dark_close=&#8221;off&#8221; da_not_modal=&#8221;on&#8221; da_is_singular=&#8221;off&#8221; da_with_loader=&#8221;off&#8221; da_has_shadow=&#8221;on&#8221;][et_pb_row _builder_version=&#8221;4.22.1&#8243; _module_preset=&#8221;default&#8221; custom_margin=&#8221;50px||50px||false|false&#8221; global_colors_info=&#8221;{}&#8221;][et_pb_column type=&#8221;4_4&#8243; _builder_version=&#8221;4.22.1&#8243; _module_preset=&#8221;default&#8221; global_colors_info=&#8221;{}&#8221;][et_pb_text _builder_version=&#8221;4.22.1&#8243; _module_preset=&#8221;default&#8221; header_2_font_size=&#8221;32px&#8221; custom_margin=&#8221;-20px||20px||false|false&#8221; custom_padding=&#8221;||||false|false&#8221; global_colors_info=&#8221;{}&#8221;]<\/p>\n<h2><strong>Contact us<\/strong><\/h2>\n<p>[\/et_pb_text][\/et_pb_column][\/et_pb_row][et_pb_row column_structure=&#8221;1_3,1_3,1_3&#8243; _builder_version=&#8221;4.22.1&#8243; width_tablet=&#8221;&#8221; width_phone=&#8221;90%&#8221; width_last_edited=&#8221;on|phone&#8221; custom_margin=&#8221;-60px||40px||false|false&#8221; custom_padding=&#8221;0px||50px||false|false&#8221; global_colors_info=&#8221;{}&#8221;][et_pb_column type=&#8221;1_3&#8243; _builder_version=&#8221;4.16&#8243; global_colors_info=&#8221;{}&#8221;][et_pb_contact_form email=&#8221;recepce@ambicare.eu&#8221; success_message=&#8221;Thank you for your message, we will contact you soon. &#8221; submit_button_text=&#8221;Send message&#8221; _builder_version=&#8221;4.24.0&#8243; _module_preset=&#8221;default&#8221; _unique_id=&#8221;e214a609-4f9b-44d5-a242-de65608191ab&#8221; title_level=&#8221;h2&#8243; title_font=&#8221;Poppins|700|||||||&#8221; title_font_size=&#8221;30px&#8221; form_field_font=&#8221;Poppins||||||||&#8221; custom_button=&#8221;on&#8221; button_font=&#8221;Poppins||||||||&#8221; button_custom_padding=&#8221;||||false|false&#8221; custom_margin=&#8221;2px||||false|false&#8221; custom_padding=&#8221;0px||||false|false&#8221; hover_enabled=&#8221;0&#8243; border_radii=&#8221;on|12px|12px|12px|12px&#8221; global_colors_info=&#8221;{}&#8221; sticky_enabled=&#8221;0&#8243;][et_pb_contact_field field_id=&#8221;Name&#8221; field_title=&#8221;Name&#8221; _builder_version=&#8221;4.24.0&#8243; global_colors_info=&#8221;{}&#8221; button_text_size__hover_enabled=&#8221;off&#8221; button_one_text_size__hover_enabled=&#8221;off&#8221; button_two_text_size__hover_enabled=&#8221;off&#8221; button_text_color__hover_enabled=&#8221;off&#8221; button_one_text_color__hover_enabled=&#8221;off&#8221; button_two_text_color__hover_enabled=&#8221;off&#8221; button_border_width__hover_enabled=&#8221;off&#8221; button_one_border_width__hover_enabled=&#8221;off&#8221; button_two_border_width__hover_enabled=&#8221;off&#8221; button_border_color__hover_enabled=&#8221;off&#8221; button_one_border_color__hover_enabled=&#8221;off&#8221; button_two_border_color__hover_enabled=&#8221;off&#8221; button_border_radius__hover_enabled=&#8221;off&#8221; button_one_border_radius__hover_enabled=&#8221;off&#8221; button_two_border_radius__hover_enabled=&#8221;off&#8221; button_letter_spacing__hover_enabled=&#8221;off&#8221; button_one_letter_spacing__hover_enabled=&#8221;off&#8221; button_two_letter_spacing__hover_enabled=&#8221;off&#8221; button_bg_color__hover_enabled=&#8221;off&#8221; button_one_bg_color__hover_enabled=&#8221;off&#8221; button_two_bg_color__hover_enabled=&#8221;off&#8221;][\/et_pb_contact_field][et_pb_contact_field field_id=&#8221;Email&#8221; field_title=&#8221;Email&#8221; field_type=&#8221;email&#8221; _builder_version=&#8221;4.24.0&#8243; global_colors_info=&#8221;{}&#8221; button_text_size__hover_enabled=&#8221;off&#8221; button_one_text_size__hover_enabled=&#8221;off&#8221; button_two_text_size__hover_enabled=&#8221;off&#8221; button_text_color__hover_enabled=&#8221;off&#8221; button_one_text_color__hover_enabled=&#8221;off&#8221; button_two_text_color__hover_enabled=&#8221;off&#8221; button_border_width__hover_enabled=&#8221;off&#8221; button_one_border_width__hover_enabled=&#8221;off&#8221; button_two_border_width__hover_enabled=&#8221;off&#8221; button_border_color__hover_enabled=&#8221;off&#8221; button_one_border_color__hover_enabled=&#8221;off&#8221; button_two_border_color__hover_enabled=&#8221;off&#8221; button_border_radius__hover_enabled=&#8221;off&#8221; button_one_border_radius__hover_enabled=&#8221;off&#8221; button_two_border_radius__hover_enabled=&#8221;off&#8221; button_letter_spacing__hover_enabled=&#8221;off&#8221; button_one_letter_spacing__hover_enabled=&#8221;off&#8221; button_two_letter_spacing__hover_enabled=&#8221;off&#8221; button_bg_color__hover_enabled=&#8221;off&#8221; button_one_bg_color__hover_enabled=&#8221;off&#8221; button_two_bg_color__hover_enabled=&#8221;off&#8221;][\/et_pb_contact_field][et_pb_contact_field field_id=&#8221;Klinika&#8221; field_title=&#8221;Choose clinic&#8221; field_type=&#8221;select&#8221; select_options=&#8221;%91{%22value%22:%22Ambicare Prague 4%22,%22checked%22:0,%22dragID%22:-1},{%22value%22:%22Ambicare Prague 6%22,%22checked%22:0,%22dragID%22:0}%93&#8243; fullwidth_field=&#8221;on&#8221; _builder_version=&#8221;4.24.0&#8243; _module_preset=&#8221;default&#8221; hover_enabled=&#8221;0&#8243; global_colors_info=&#8221;{}&#8221; sticky_enabled=&#8221;0&#8243;][\/et_pb_contact_field][et_pb_contact_field field_id=&#8221;Message&#8221; field_title=&#8221;Your message&#8221; field_type=&#8221;text&#8221; fullwidth_field=&#8221;on&#8221; _builder_version=&#8221;4.24.0&#8243; global_colors_info=&#8221;{}&#8221; button_text_size__hover_enabled=&#8221;off&#8221; button_one_text_size__hover_enabled=&#8221;off&#8221; button_two_text_size__hover_enabled=&#8221;off&#8221; button_text_color__hover_enabled=&#8221;off&#8221; button_one_text_color__hover_enabled=&#8221;off&#8221; button_two_text_color__hover_enabled=&#8221;off&#8221; button_border_width__hover_enabled=&#8221;off&#8221; button_one_border_width__hover_enabled=&#8221;off&#8221; button_two_border_width__hover_enabled=&#8221;off&#8221; button_border_color__hover_enabled=&#8221;off&#8221; button_one_border_color__hover_enabled=&#8221;off&#8221; button_two_border_color__hover_enabled=&#8221;off&#8221; button_border_radius__hover_enabled=&#8221;off&#8221; button_one_border_radius__hover_enabled=&#8221;off&#8221; button_two_border_radius__hover_enabled=&#8221;off&#8221; button_letter_spacing__hover_enabled=&#8221;off&#8221; button_one_letter_spacing__hover_enabled=&#8221;off&#8221; button_two_letter_spacing__hover_enabled=&#8221;off&#8221; button_bg_color__hover_enabled=&#8221;off&#8221; button_one_bg_color__hover_enabled=&#8221;off&#8221; button_two_bg_color__hover_enabled=&#8221;off&#8221;][\/et_pb_contact_field][\/et_pb_contact_form][\/et_pb_column][et_pb_column type=&#8221;1_3&#8243; _builder_version=&#8221;4.22.1&#8243; custom_padding=&#8221;40px||||false|false&#8221; global_colors_info=&#8221;{}&#8221;][et_pb_text _builder_version=&#8221;4.22.1&#8243; _module_preset=&#8221;default&#8221; global_colors_info=&#8221;{}&#8221;]<\/p>\n<h2><strong>Ambicare Prague 4<\/strong><\/h2>\n<p>[\/et_pb_text][et_pb_blurb title=&#8221;recepce@ambicare.eu&#8221; use_icon=&#8221;on&#8221; font_icon=&#8221;&#xe010;||divi||400&#8243; icon_placement=&#8221;left&#8221; content_max_width_tablet=&#8221;100%&#8221; content_max_width_phone=&#8221;&#8221; content_max_width_last_edited=&#8221;on|tablet&#8221; module_class=&#8221;rp_blurb05&#8243; _builder_version=&#8221;4.21.0&#8243; header_font=&#8221;||||||||&#8221; header_letter_spacing=&#8221;1px&#8221; header_line_height=&#8221;1.9em&#8221; custom_margin=&#8221;||5px|||&#8221; locked=&#8221;off&#8221; global_colors_info=&#8221;{}&#8221;][\/et_pb_blurb][et_pb_blurb use_icon=&#8221;on&#8221; font_icon=&#8221;&#x77;||divi||400&#8243; icon_placement=&#8221;left&#8221; content_max_width_tablet=&#8221;100%&#8221; content_max_width_phone=&#8221;&#8221; content_max_width_last_edited=&#8221;on|tablet&#8221; module_class=&#8221;rp_blurb05&#8243; _builder_version=&#8221;4.22.1&#8243; header_font=&#8221;||||||||&#8221; header_letter_spacing=&#8221;1px&#8221; header_line_height=&#8221;1.9em&#8221; body_text_color=&#8221;#2a3d60&#8243; body_font_size=&#8221;18px&#8221; body_letter_spacing=&#8221;1px&#8221; custom_margin=&#8221;||5px|||&#8221; global_colors_info=&#8221;{}&#8221;]<\/p>\n<p><span style=\"color: #2a3d60;\"><a href=\"tel:+420607037172\" style=\"color: #2a3d60;\"><span style=\"color: #2a3d60; font-size: large;\">+420 607 037 172<\/span><\/a><\/span><br \/><span style=\"color: #2a3d60; font-size: large;\"><a href=\"tel:+420601129744\" style=\"color: #2a3d60;\">+420 601 129 744<\/a><\/span><\/p>\n<p>[\/et_pb_blurb][et_pb_blurb title=&#8221;K Hrn\u010d\u00ed\u0159\u016fm 25, Praha 4&#8243; use_icon=&#8221;on&#8221; font_icon=&#8221;&#xe01f;||divi||400&#8243; icon_placement=&#8221;left&#8221; content_max_width_tablet=&#8221;100%&#8221; content_max_width_phone=&#8221;&#8221; content_max_width_last_edited=&#8221;on|tablet&#8221; module_class=&#8221;rp_blurb05&#8243; _builder_version=&#8221;4.22.1&#8243; header_font=&#8221;||||||||&#8221; header_letter_spacing=&#8221;1px&#8221; header_line_height=&#8221;1.9em&#8221; custom_margin=&#8221;||5px|||&#8221; locked=&#8221;off&#8221; global_colors_info=&#8221;{}&#8221;][\/et_pb_blurb][\/et_pb_column][et_pb_column type=&#8221;1_3&#8243; _builder_version=&#8221;4.22.1&#8243; custom_padding=&#8221;40px||||false|false&#8221; global_colors_info=&#8221;{}&#8221;][et_pb_text _builder_version=&#8221;4.22.1&#8243; _module_preset=&#8221;default&#8221; global_colors_info=&#8221;{}&#8221;]<\/p>\n<h2><strong>Ambicare Prague 6<\/strong><\/h2>\n<p>[\/et_pb_text][et_pb_blurb title=&#8221;recepce@ambicare.eu&#8221; use_icon=&#8221;on&#8221; font_icon=&#8221;&#xe010;||divi||400&#8243; icon_placement=&#8221;left&#8221; content_max_width_tablet=&#8221;100%&#8221; content_max_width_phone=&#8221;&#8221; content_max_width_last_edited=&#8221;on|tablet&#8221; module_class=&#8221;rp_blurb05&#8243; _builder_version=&#8221;4.21.0&#8243; header_font=&#8221;||||||||&#8221; header_letter_spacing=&#8221;1px&#8221; header_line_height=&#8221;1.9em&#8221; custom_margin=&#8221;||5px|||&#8221; locked=&#8221;off&#8221; global_colors_info=&#8221;{}&#8221;][\/et_pb_blurb][et_pb_blurb use_icon=&#8221;on&#8221; font_icon=&#8221;&#x77;||divi||400&#8243; icon_placement=&#8221;left&#8221; content_max_width_tablet=&#8221;100%&#8221; content_max_width_phone=&#8221;&#8221; content_max_width_last_edited=&#8221;on|tablet&#8221; module_class=&#8221;rp_blurb05&#8243; _builder_version=&#8221;4.22.1&#8243; header_font=&#8221;||||||||&#8221; header_letter_spacing=&#8221;1px&#8221; header_line_height=&#8221;1.9em&#8221; body_font_size=&#8221;18px&#8221; body_letter_spacing=&#8221;1px&#8221; custom_margin=&#8221;||5px|||&#8221; locked=&#8221;off&#8221; global_colors_info=&#8221;{}&#8221;]<\/p>\n<p><span style=\"color: #2a3d60;\"><a href=\"tel:+420727943896\" style=\"color: #2a3d60;\">+420 727 943 896<\/a><\/span><\/p>\n<p>[\/et_pb_blurb][et_pb_blurb title=&#8221;V\u00edt\u011bzn\u00e9 n\u00e1m\u011bst\u00ed 10, Praha 6&#8243; use_icon=&#8221;on&#8221; font_icon=&#8221;&#xe01f;||divi||400&#8243; icon_placement=&#8221;left&#8221; content_max_width_tablet=&#8221;100%&#8221; content_max_width_phone=&#8221;&#8221; content_max_width_last_edited=&#8221;on|tablet&#8221; module_class=&#8221;rp_blurb05&#8243; _builder_version=&#8221;4.22.1&#8243; header_font=&#8221;||||||||&#8221; header_letter_spacing=&#8221;1px&#8221; header_line_height=&#8221;1.9em&#8221; custom_margin=&#8221;19px||5px||false|false&#8221; locked=&#8221;off&#8221; global_colors_info=&#8221;{}&#8221;][\/et_pb_blurb][\/et_pb_column][\/et_pb_row][\/et_pb_section]<\/p>\n","protected":false},"excerpt":{"rendered":"<p>Our specialisationsWe specialise in a wide range of fields, including dentistry, dermatology, gynaecology, surgery, and more, so that we can provide you with comprehensive and high-quality care for your health.Contact usAmbicare Prague 4+420 607 037 172+420 601 129 744Ambicare Prague 6+420 727 943 896<\/p>\n","protected":false},"author":8,"featured_media":42,"parent":0,"menu_order":0,"comment_status":"closed","ping_status":"closed","template":"","meta":{"_et_pb_use_builder":"on","_et_pb_old_content":"","_et_gb_content_width":"","footnotes":""},"class_list":["post-3146","page","type-page","status-publish","has-post-thumbnail","hentry"],"yoast_head":"<!-- This site is optimized with the Yoast SEO plugin v26.7 - https:\/\/yoast.com\/wordpress\/plugins\/seo\/ -->\n<title>Our specialisations - Ambicare<\/title>\n<meta name=\"robots\" content=\"index, follow, max-snippet:-1, max-image-preview:large, max-video-preview:-1\" \/>\n<link rel=\"canonical\" href=\"https:\/\/ambicare.cz\/en\/our-specialisations\/\" \/>\n<meta property=\"og:locale\" content=\"en_US\" \/>\n<meta property=\"og:type\" content=\"article\" \/>\n<meta property=\"og:title\" content=\"Our specialisations - Ambicare\" \/>\n<meta property=\"og:description\" content=\"Our specialisationsWe specialise in a wide range of fields, including dentistry, dermatology, gynaecology, surgery, and more, so that we can provide you with comprehensive and high-quality care for your health.Contact usAmbicare Prague 4+420 607 037 172+420 601 129 744Ambicare Prague 6+420 727 943 896\" \/>\n<meta property=\"og:url\" content=\"https:\/\/ambicare.cz\/en\/our-specialisations\/\" \/>\n<meta property=\"og:site_name\" content=\"Ambicare\" \/>\n<meta property=\"article:modified_time\" content=\"2024-01-25T19:18:51+00:00\" \/>\n<meta property=\"og:image\" content=\"https:\/\/ambicare.cz\/wp-content\/uploads\/2023\/07\/medical124.jpg\" \/>\n\t<meta property=\"og:image:width\" content=\"1920\" \/>\n\t<meta property=\"og:image:height\" content=\"1280\" \/>\n\t<meta property=\"og:image:type\" content=\"image\/jpeg\" \/>\n<meta name=\"twitter:card\" content=\"summary_large_image\" \/>\n<meta name=\"twitter:label1\" content=\"Est. reading time\" \/>\n\t<meta name=\"twitter:data1\" content=\"9 minutes\" \/>\n<script type=\"application\/ld+json\" class=\"yoast-schema-graph\">{\"@context\":\"https:\/\/schema.org\",\"@graph\":[{\"@type\":\"WebPage\",\"@id\":\"https:\/\/ambicare.cz\/en\/our-specialisations\/\",\"url\":\"https:\/\/ambicare.cz\/en\/our-specialisations\/\",\"name\":\"Our specialisations - Ambicare\",\"isPartOf\":{\"@id\":\"https:\/\/ambicare.cz\/#website\"},\"primaryImageOfPage\":{\"@id\":\"https:\/\/ambicare.cz\/en\/our-specialisations\/#primaryimage\"},\"image\":{\"@id\":\"https:\/\/ambicare.cz\/en\/our-specialisations\/#primaryimage\"},\"thumbnailUrl\":\"https:\/\/ambicare.cz\/wp-content\/uploads\/2023\/07\/medical124.jpg\",\"datePublished\":\"2023-09-09T18:31:37+00:00\",\"dateModified\":\"2024-01-25T19:18:51+00:00\",\"breadcrumb\":{\"@id\":\"https:\/\/ambicare.cz\/en\/our-specialisations\/#breadcrumb\"},\"inLanguage\":\"en-US\",\"potentialAction\":[{\"@type\":\"ReadAction\",\"target\":[\"https:\/\/ambicare.cz\/en\/our-specialisations\/\"]}]},{\"@type\":\"ImageObject\",\"inLanguage\":\"en-US\",\"@id\":\"https:\/\/ambicare.cz\/en\/our-specialisations\/#primaryimage\",\"url\":\"https:\/\/ambicare.cz\/wp-content\/uploads\/2023\/07\/medical124.jpg\",\"contentUrl\":\"https:\/\/ambicare.cz\/wp-content\/uploads\/2023\/07\/medical124.jpg\",\"width\":1920,\"height\":1280,\"caption\":\"Na\u0161e specializace\"},{\"@type\":\"BreadcrumbList\",\"@id\":\"https:\/\/ambicare.cz\/en\/our-specialisations\/#breadcrumb\",\"itemListElement\":[{\"@type\":\"ListItem\",\"position\":1,\"name\":\"Dom\u016f\",\"item\":\"https:\/\/ambicare.cz\/en\/\"},{\"@type\":\"ListItem\",\"position\":2,\"name\":\"Our specialisations\"}]},{\"@type\":\"WebSite\",\"@id\":\"https:\/\/ambicare.cz\/#website\",\"url\":\"https:\/\/ambicare.cz\/\",\"name\":\"Ambicare\",\"description\":\"Ordinace odborn\u00fdch l\u00e9ka\u0159\u016f pod jednou st\u0159echou\",\"potentialAction\":[{\"@type\":\"SearchAction\",\"target\":{\"@type\":\"EntryPoint\",\"urlTemplate\":\"https:\/\/ambicare.cz\/?s={search_term_string}\"},\"query-input\":{\"@type\":\"PropertyValueSpecification\",\"valueRequired\":true,\"valueName\":\"search_term_string\"}}],\"inLanguage\":\"en-US\"}]}<\/script>\n<!-- \/ Yoast SEO plugin. -->","yoast_head_json":{"title":"Our specialisations - Ambicare","robots":{"index":"index","follow":"follow","max-snippet":"max-snippet:-1","max-image-preview":"max-image-preview:large","max-video-preview":"max-video-preview:-1"},"canonical":"https:\/\/ambicare.cz\/en\/our-specialisations\/","og_locale":"en_US","og_type":"article","og_title":"Our specialisations - Ambicare","og_description":"Our specialisationsWe specialise in a wide range of fields, including dentistry, dermatology, gynaecology, surgery, and more, so that we can provide you with comprehensive and high-quality care for your health.Contact usAmbicare Prague 4+420 607 037 172+420 601 129 744Ambicare Prague 6+420 727 943 896","og_url":"https:\/\/ambicare.cz\/en\/our-specialisations\/","og_site_name":"Ambicare","article_modified_time":"2024-01-25T19:18:51+00:00","og_image":[{"width":1920,"height":1280,"url":"https:\/\/ambicare.cz\/wp-content\/uploads\/2023\/07\/medical124.jpg","type":"image\/jpeg"}],"twitter_card":"summary_large_image","twitter_misc":{"Est. reading time":"9 minutes"},"schema":{"@context":"https:\/\/schema.org","@graph":[{"@type":"WebPage","@id":"https:\/\/ambicare.cz\/en\/our-specialisations\/","url":"https:\/\/ambicare.cz\/en\/our-specialisations\/","name":"Our specialisations - Ambicare","isPartOf":{"@id":"https:\/\/ambicare.cz\/#website"},"primaryImageOfPage":{"@id":"https:\/\/ambicare.cz\/en\/our-specialisations\/#primaryimage"},"image":{"@id":"https:\/\/ambicare.cz\/en\/our-specialisations\/#primaryimage"},"thumbnailUrl":"https:\/\/ambicare.cz\/wp-content\/uploads\/2023\/07\/medical124.jpg","datePublished":"2023-09-09T18:31:37+00:00","dateModified":"2024-01-25T19:18:51+00:00","breadcrumb":{"@id":"https:\/\/ambicare.cz\/en\/our-specialisations\/#breadcrumb"},"inLanguage":"en-US","potentialAction":[{"@type":"ReadAction","target":["https:\/\/ambicare.cz\/en\/our-specialisations\/"]}]},{"@type":"ImageObject","inLanguage":"en-US","@id":"https:\/\/ambicare.cz\/en\/our-specialisations\/#primaryimage","url":"https:\/\/ambicare.cz\/wp-content\/uploads\/2023\/07\/medical124.jpg","contentUrl":"https:\/\/ambicare.cz\/wp-content\/uploads\/2023\/07\/medical124.jpg","width":1920,"height":1280,"caption":"Na\u0161e specializace"},{"@type":"BreadcrumbList","@id":"https:\/\/ambicare.cz\/en\/our-specialisations\/#breadcrumb","itemListElement":[{"@type":"ListItem","position":1,"name":"Dom\u016f","item":"https:\/\/ambicare.cz\/en\/"},{"@type":"ListItem","position":2,"name":"Our specialisations"}]},{"@type":"WebSite","@id":"https:\/\/ambicare.cz\/#website","url":"https:\/\/ambicare.cz\/","name":"Ambicare","description":"Ordinace odborn\u00fdch l\u00e9ka\u0159\u016f pod jednou st\u0159echou","potentialAction":[{"@type":"SearchAction","target":{"@type":"EntryPoint","urlTemplate":"https:\/\/ambicare.cz\/?s={search_term_string}"},"query-input":{"@type":"PropertyValueSpecification","valueRequired":true,"valueName":"search_term_string"}}],"inLanguage":"en-US"}]}},"_links":{"self":[{"href":"https:\/\/ambicare.cz\/en\/wp-json\/wp\/v2\/pages\/3146","targetHints":{"allow":["GET"]}}],"collection":[{"href":"https:\/\/ambicare.cz\/en\/wp-json\/wp\/v2\/pages"}],"about":[{"href":"https:\/\/ambicare.cz\/en\/wp-json\/wp\/v2\/types\/page"}],"author":[{"embeddable":true,"href":"https:\/\/ambicare.cz\/en\/wp-json\/wp\/v2\/users\/8"}],"replies":[{"embeddable":true,"href":"https:\/\/ambicare.cz\/en\/wp-json\/wp\/v2\/comments?post=3146"}],"version-history":[{"count":3,"href":"https:\/\/ambicare.cz\/en\/wp-json\/wp\/v2\/pages\/3146\/revisions"}],"predecessor-version":[{"id":3246,"href":"https:\/\/ambicare.cz\/en\/wp-json\/wp\/v2\/pages\/3146\/revisions\/3246"}],"wp:featuredmedia":[{"embeddable":true,"href":"https:\/\/ambicare.cz\/en\/wp-json\/wp\/v2\/media\/42"}],"wp:attachment":[{"href":"https:\/\/ambicare.cz\/en\/wp-json\/wp\/v2\/media?parent=3146"}],"curies":[{"name":"wp","href":"https:\/\/api.w.org\/{rel}","templated":true}]}}