{"id":3160,"date":"2023-09-24T08:29:43","date_gmt":"2023-09-24T08:29:43","guid":{"rendered":"https:\/\/ambicare.cz\/marcela-gadusova\/"},"modified":"2024-12-19T13:54:59","modified_gmt":"2024-12-19T13:54:59","slug":"marcela-gadusova","status":"publish","type":"page","link":"https:\/\/ambicare.cz\/en\/our-doctors\/marcela-gadusova\/","title":{"rendered":"Marcela Gadu\u0161ov\u00e1"},"content":{"rendered":"<p>[et_pb_section fb_built=&#8221;1&#8243; admin_label=&#8221;Section&#8221; _builder_version=&#8221;4.22.1&#8243; background_color=&#8221;#F0F1F4&#8243; custom_margin=&#8221;||-50px||false|false&#8221; custom_padding=&#8221;40px||0px|||&#8221; da_disable_devices=&#8221;off|off|off&#8221; global_colors_info=&#8221;{}&#8221; da_is_popup=&#8221;off&#8221; da_exit_intent=&#8221;off&#8221; da_has_close=&#8221;on&#8221; da_alt_close=&#8221;off&#8221; da_dark_close=&#8221;off&#8221; da_not_modal=&#8221;on&#8221; da_is_singular=&#8221;off&#8221; da_with_loader=&#8221;off&#8221; da_has_shadow=&#8221;on&#8221;][et_pb_row column_structure=&#8221;3_4,1_4&#8243; _builder_version=&#8221;4.22.1&#8243; _module_preset=&#8221;default&#8221; global_colors_info=&#8221;{}&#8221;][et_pb_column type=&#8221;3_4&#8243; _builder_version=&#8221;4.22.1&#8243; _module_preset=&#8221;default&#8221; global_colors_info=&#8221;{}&#8221;][et_pb_text content_tablet=&#8221;&#8221; content_phone=&#8221;&#8221; content_last_edited=&#8221;on|phone&#8221; _builder_version=&#8221;4.22.2&#8243; header_font=&#8221;|700|||||||&#8221; header_text_align=&#8221;left&#8221; header_font_size=&#8221;50px&#8221; custom_margin=&#8221;|0px|||false|false&#8221; custom_margin_tablet=&#8221;||||false|false&#8221; custom_margin_phone=&#8221;|0px|50px||false|false&#8221; custom_margin_last_edited=&#8221;on|desktop&#8221; custom_padding=&#8221;||||false|false&#8221; header_text_align_tablet=&#8221;&#8221; header_text_align_phone=&#8221;center&#8221; header_text_align_last_edited=&#8221;on|phone&#8221; header_font_size_tablet=&#8221;30px&#8221; header_font_size_phone=&#8221;25px&#8221; header_font_size_last_edited=&#8221;on|tablet&#8221; global_colors_info=&#8221;{}&#8221; custom_css_main_element_last_edited=&#8221;on|phone&#8221; custom_css_main_element_phone=&#8221;order: 1;&#8221;]<\/p>\n<h1>Marcela Gadu\u0161ov\u00e1<\/h1>\n<p><span style=\"color: #949eaf; font-size: medium;\">dermatology nurse<\/span><\/p>\n<p>[\/et_pb_text][\/et_pb_column][et_pb_column type=&#8221;1_4&#8243; _builder_version=&#8221;4.22.1&#8243; _module_preset=&#8221;default&#8221; global_colors_info=&#8221;{}&#8221;][\/et_pb_column][\/et_pb_row][et_pb_row column_structure=&#8221;3_4,1_4&#8243; make_equal=&#8221;on&#8221; _builder_version=&#8221;4.22.1&#8243; transform_translate=&#8221;0px|-108px&#8221; transform_translate_linked=&#8221;off&#8221; custom_margin=&#8221;-25px||||false|false&#8221; custom_padding=&#8221;0px||3px||false|false&#8221; custom_css_main_element=&#8221;display: flex;||flex-wrap: wrap;&#8221; global_colors_info=&#8221;{}&#8221;][et_pb_column type=&#8221;3_4&#8243; module_class=&#8221;vertical-align&#8221; _builder_version=&#8221;4.16&#8243; global_colors_info=&#8221;{}&#8221;][et_pb_text _builder_version=&#8221;4.22.2&#8243; header_text_align=&#8221;left&#8221; custom_margin=&#8221;160px||||false|false&#8221; custom_margin_tablet=&#8221;60px||||false|false&#8221; custom_margin_phone=&#8221;25px||||false|false&#8221; custom_margin_last_edited=&#8221;on|desktop&#8221; header_3_text_align_tablet=&#8221;&#8221; header_3_text_align_phone=&#8221;center&#8221; header_3_text_align_last_edited=&#8221;on|phone&#8221; border_radii_tablet=&#8221;&#8221; border_radii_phone=&#8221;&#8221; border_radii_last_edited=&#8221;on|tablet&#8221; global_colors_info=&#8221;{}&#8221;]<\/p>\n<h3>Education<\/h3>\n<p>[\/et_pb_text][et_pb_text _builder_version=&#8221;4.22.2&#8243; text_font_size=&#8221;16px&#8221; text_line_height=&#8221;1.6em&#8221; header_text_align=&#8221;left&#8221; text_orientation_tablet=&#8221;&#8221; text_orientation_phone=&#8221;center&#8221; text_orientation_last_edited=&#8221;on|phone&#8221; global_colors_info=&#8221;{}&#8221;]<\/p>\n<p style=\"text-align: left;\"><span class=\"accent_year\">1986\u20131990<\/span>\u00a0<span>Secondary Medical School, Levo\u010da<\/span><\/p>\n<p>[\/et_pb_text][et_pb_text _builder_version=&#8221;4.22.2&#8243; header_text_align=&#8221;left&#8221; custom_margin=&#8221;40px||2px||false|false&#8221; header_3_text_align_tablet=&#8221;&#8221; header_3_text_align_phone=&#8221;center&#8221; header_3_text_align_last_edited=&#8221;on|phone&#8221; global_colors_info=&#8221;{}&#8221;]<\/p>\n<h3>Professional experience<\/h3>\n<p>[\/et_pb_text][et_pb_text _builder_version=&#8221;4.22.2&#8243; text_font_size=&#8221;16px&#8221; text_line_height=&#8221;1.6em&#8221; header_text_align=&#8221;left&#8221; custom_margin=&#8221;21px|||||&#8221; text_orientation_tablet=&#8221;&#8221; text_orientation_phone=&#8221;center&#8221; text_orientation_last_edited=&#8221;on|phone&#8221; global_colors_info=&#8221;{}&#8221;]<\/p>\n<p style=\"text-align: left;\"><span class=\"accent_year\">1990\u20131996<\/span>\u00a0<span>nurse, Department of Anaesthesia and Resuscitation, Hospital with Polyclinic, Levo\u010da<\/span><\/p>\n<p>[\/et_pb_text][et_pb_text _builder_version=&#8221;4.22.2&#8243; text_font_size=&#8221;16px&#8221; text_line_height=&#8221;1.6em&#8221; header_text_align=&#8221;left&#8221; custom_margin=&#8221;||17px|||&#8221; text_orientation_tablet=&#8221;&#8221; text_orientation_phone=&#8221;center&#8221; text_orientation_last_edited=&#8221;on|phone&#8221; global_colors_info=&#8221;{}&#8221;]<\/p>\n<p style=\"text-align: left;\"><span class=\"accent_year\">1996\u20132001<\/span>\u00a0<span>nurse, Department of Anaesthesia and Resuscitation, Hospital with Polyclinic, Spi\u0161sk\u00e1 Nov\u00e1 Ves<\/span><\/p>\n<p>[\/et_pb_text][et_pb_text _builder_version=&#8221;4.22.2&#8243; text_font_size=&#8221;16px&#8221; text_line_height=&#8221;1.6em&#8221; header_text_align=&#8221;left&#8221; custom_margin=&#8221;16px|||||&#8221; text_orientation_tablet=&#8221;&#8221; text_orientation_phone=&#8221;center&#8221; text_orientation_last_edited=&#8221;on|phone&#8221; global_colors_info=&#8221;{}&#8221;]<\/p>\n<p style=\"text-align: left;\"><span class=\"accent_year\">2007\u20132008<\/span><span>dental nurse, dental surgery Sa\u017eestdent s.r.o., Zvolen<\/span><\/p>\n<p>[\/et_pb_text][et_pb_text _builder_version=&#8221;4.22.2&#8243; text_font_size=&#8221;16px&#8221; text_line_height=&#8221;1.6em&#8221; header_text_align=&#8221;left&#8221; custom_margin=&#8221;1px||35px|||&#8221; text_orientation_tablet=&#8221;&#8221; text_orientation_phone=&#8221;center&#8221; text_orientation_last_edited=&#8221;on|phone&#8221; global_colors_info=&#8221;{}&#8221;]<\/p>\n<p style=\"text-align: left;\"><span class=\"accent_year\">2008\u20132013<\/span><span>nurse, aesthetic dermatology, plastic surgery, Medicentrum s.r.o., Zvolen<\/span><\/p>\n<p>[\/et_pb_text][et_pb_text _builder_version=&#8221;4.22.2&#8243; text_font_size=&#8221;16px&#8221; text_line_height=&#8221;1.6em&#8221; header_text_align=&#8221;left&#8221; custom_margin=&#8221;||35px|||&#8221; text_orientation_tablet=&#8221;&#8221; text_orientation_phone=&#8221;center&#8221; text_orientation_last_edited=&#8221;on|phone&#8221; global_colors_info=&#8221;{}&#8221;]<\/p>\n<p style=\"text-align: left;\"><span class=\"accent_year\">2013\u20132016<\/span>\u00a0<span>nurse, one-day orthopaedic clinic, Shams s.r.o., Bansk\u00e1 Bystrica<\/span><\/p>\n<p>[\/et_pb_text][et_pb_text _builder_version=&#8221;4.22.2&#8243; text_font_size=&#8221;16px&#8221; text_line_height=&#8221;1.6em&#8221; header_text_align=&#8221;left&#8221; custom_margin=&#8221;||35px|||&#8221; text_orientation_tablet=&#8221;&#8221; text_orientation_phone=&#8221;center&#8221; text_orientation_last_edited=&#8221;on|phone&#8221; global_colors_info=&#8221;{}&#8221;]<\/p>\n<p style=\"text-align: left;\"><span class=\"accent_year\">2016\u20132017<\/span>\u00a0<span>nurse, general practitioner&#8217;s office, Moje ambulance, Praha<\/span><\/p>\n<p>[\/et_pb_text][et_pb_text _builder_version=&#8221;4.22.2&#8243; text_font_size=&#8221;16px&#8221; text_line_height=&#8221;1.6em&#8221; header_text_align=&#8221;left&#8221; custom_margin=&#8221;||50px|||&#8221; text_orientation_tablet=&#8221;&#8221; text_orientation_phone=&#8221;center&#8221; text_orientation_last_edited=&#8221;on|phone&#8221; global_colors_info=&#8221;{}&#8221;]<\/p>\n<p style=\"text-align: left;\"><span class=\"accent_year\">2017 to date<\/span> <span>nurse, outpatient dermatology clinic, AmbiCare Clinic, Prague<\/span><\/p>\n<p>[\/et_pb_text][et_pb_button button_url=&#8221;#kontakt-ambi6&#8243; button_text=&#8221;Make an appointment&#8221; button_alignment=&#8221;center&#8221; button_alignment_tablet=&#8221;left&#8221; button_alignment_phone=&#8221;center&#8221; button_alignment_last_edited=&#8221;on|phone&#8221; module_class=&#8221;primary_button&#8221; _builder_version=&#8221;4.24.0&#8243; custom_button=&#8221;on&#8221; button_text_size=&#8221;16px&#8221; button_text_color=&#8221;#ffffff&#8221; button_border_width=&#8221;0px&#8221; button_border_radius=&#8221;50px&#8221; button_letter_spacing=&#8221;1px&#8221; button_font=&#8221;Poppins||||||||&#8221; button_use_icon=&#8221;off&#8221; custom_margin=&#8221;|||180px|false|false&#8221; custom_margin_tablet=&#8221;|||180px|false|false&#8221; custom_margin_phone=&#8221;||-50px|0px|false|false&#8221; custom_margin_last_edited=&#8221;on|phone&#8221; custom_padding=&#8221;20px|40px|20px|40px|true|true&#8221; custom_padding_tablet=&#8221;&#8221; custom_padding_phone=&#8221;15px|30px|15px|30px|true|true&#8221; custom_padding_last_edited=&#8221;on|phone&#8221; locked=&#8221;off&#8221; global_colors_info=&#8221;{}&#8221; button_bg_color__hover_enabled=&#8221;on|hover&#8221; button_bg_color__hover=&#8221;&#8221; button_bg_enable_color__hover=&#8221;off&#8221;][\/et_pb_button][\/et_pb_column][et_pb_column type=&#8221;1_4&#8243; _builder_version=&#8221;4.16&#8243; global_colors_info=&#8221;{}&#8221;][\/et_pb_column][\/et_pb_row][\/et_pb_section][et_pb_section fb_built=&#8221;1&#8243; admin_label=&#8221;Section&#8221; module_id=&#8221;kontakt-ambi6&#8243; _builder_version=&#8221;4.24.0&#8243; background_color=&#8221;#FFFFFF&#8221; custom_margin=&#8221;-1px||17px||false|false&#8221; custom_padding=&#8221;0px||0px|||&#8221; da_popup_slug=&#8221;kontakt-ambi6&#8243; da_disable_devices=&#8221;off|off|off&#8221; saved_tabs=&#8221;all&#8221; global_colors_info=&#8221;{}&#8221; da_is_popup=&#8221;off&#8221; da_exit_intent=&#8221;off&#8221; da_has_close=&#8221;on&#8221; da_alt_close=&#8221;off&#8221; da_dark_close=&#8221;off&#8221; da_not_modal=&#8221;on&#8221; da_is_singular=&#8221;off&#8221; da_with_loader=&#8221;off&#8221; da_has_shadow=&#8221;on&#8221;][et_pb_row column_structure=&#8221;3_5,2_5&#8243; _builder_version=&#8221;4.21.0&#8243; width_tablet=&#8221;&#8221; width_phone=&#8221;90%&#8221; width_last_edited=&#8221;on|phone&#8221; custom_margin=&#8221;||40px||false|false&#8221; custom_padding=&#8221;0px||50px||false|false&#8221; global_colors_info=&#8221;{}&#8221;][et_pb_column type=&#8221;3_5&#8243; _builder_version=&#8221;4.16&#8243; global_colors_info=&#8221;{}&#8221;][et_pb_contact_form email=&#8221;recepce@ambicare.eu&#8221; title=&#8221;Contact form&#8221; success_message=&#8221;Thank you for your message, we will contact you soon. &#8221; submit_button_text=&#8221;Send message&#8221; _builder_version=&#8221;4.24.0&#8243; _module_preset=&#8221;default&#8221; _unique_id=&#8221;e214a609-4f9b-44d5-a242-de65608191ab&#8221; title_font=&#8221;Poppins|700|||||||&#8221; form_field_font=&#8221;Poppins||||||||&#8221; custom_button=&#8221;on&#8221; button_font=&#8221;Poppins||||||||&#8221; button_custom_margin=&#8221;|200px|||false|false&#8221; button_custom_margin_tablet=&#8221;|200px|||false|false&#8221; button_custom_margin_phone=&#8221;|0px|||false|false&#8221; button_custom_margin_last_edited=&#8221;on|phone&#8221; button_custom_padding=&#8221;||||false|false&#8221; custom_margin=&#8221;70px||||false|false&#8221; border_radii=&#8221;on|12px|12px|12px|12px&#8221; global_colors_info=&#8221;{}&#8221;][et_pb_contact_field field_id=&#8221;Name&#8221; field_title=&#8221;Name&#8221; _builder_version=&#8221;4.24.0&#8243; global_colors_info=&#8221;{}&#8221; button_text_size__hover_enabled=&#8221;off&#8221; button_one_text_size__hover_enabled=&#8221;off&#8221; button_two_text_size__hover_enabled=&#8221;off&#8221; button_text_color__hover_enabled=&#8221;off&#8221; button_one_text_color__hover_enabled=&#8221;off&#8221; button_two_text_color__hover_enabled=&#8221;off&#8221; button_border_width__hover_enabled=&#8221;off&#8221; button_one_border_width__hover_enabled=&#8221;off&#8221; button_two_border_width__hover_enabled=&#8221;off&#8221; button_border_color__hover_enabled=&#8221;off&#8221; button_one_border_color__hover_enabled=&#8221;off&#8221; button_two_border_color__hover_enabled=&#8221;off&#8221; button_border_radius__hover_enabled=&#8221;off&#8221; button_one_border_radius__hover_enabled=&#8221;off&#8221; button_two_border_radius__hover_enabled=&#8221;off&#8221; button_letter_spacing__hover_enabled=&#8221;off&#8221; button_one_letter_spacing__hover_enabled=&#8221;off&#8221; button_two_letter_spacing__hover_enabled=&#8221;off&#8221; button_bg_color__hover_enabled=&#8221;off&#8221; button_one_bg_color__hover_enabled=&#8221;off&#8221; button_two_bg_color__hover_enabled=&#8221;off&#8221;][\/et_pb_contact_field][et_pb_contact_field field_id=&#8221;Email&#8221; field_title=&#8221;Email&#8221; field_type=&#8221;email&#8221; _builder_version=&#8221;4.24.0&#8243; global_colors_info=&#8221;{}&#8221; button_text_size__hover_enabled=&#8221;off&#8221; button_one_text_size__hover_enabled=&#8221;off&#8221; button_two_text_size__hover_enabled=&#8221;off&#8221; button_text_color__hover_enabled=&#8221;off&#8221; button_one_text_color__hover_enabled=&#8221;off&#8221; button_two_text_color__hover_enabled=&#8221;off&#8221; button_border_width__hover_enabled=&#8221;off&#8221; button_one_border_width__hover_enabled=&#8221;off&#8221; button_two_border_width__hover_enabled=&#8221;off&#8221; button_border_color__hover_enabled=&#8221;off&#8221; button_one_border_color__hover_enabled=&#8221;off&#8221; button_two_border_color__hover_enabled=&#8221;off&#8221; button_border_radius__hover_enabled=&#8221;off&#8221; button_one_border_radius__hover_enabled=&#8221;off&#8221; button_two_border_radius__hover_enabled=&#8221;off&#8221; button_letter_spacing__hover_enabled=&#8221;off&#8221; button_one_letter_spacing__hover_enabled=&#8221;off&#8221; button_two_letter_spacing__hover_enabled=&#8221;off&#8221; button_bg_color__hover_enabled=&#8221;off&#8221; button_one_bg_color__hover_enabled=&#8221;off&#8221; button_two_bg_color__hover_enabled=&#8221;off&#8221;][\/et_pb_contact_field][et_pb_contact_field field_id=&#8221;Message&#8221; field_title=&#8221;Your message&#8221; field_type=&#8221;text&#8221; fullwidth_field=&#8221;on&#8221; _builder_version=&#8221;4.24.0&#8243; global_colors_info=&#8221;{}&#8221; button_text_size__hover_enabled=&#8221;off&#8221; button_one_text_size__hover_enabled=&#8221;off&#8221; button_two_text_size__hover_enabled=&#8221;off&#8221; button_text_color__hover_enabled=&#8221;off&#8221; button_one_text_color__hover_enabled=&#8221;off&#8221; button_two_text_color__hover_enabled=&#8221;off&#8221; button_border_width__hover_enabled=&#8221;off&#8221; button_one_border_width__hover_enabled=&#8221;off&#8221; button_two_border_width__hover_enabled=&#8221;off&#8221; button_border_color__hover_enabled=&#8221;off&#8221; button_one_border_color__hover_enabled=&#8221;off&#8221; button_two_border_color__hover_enabled=&#8221;off&#8221; button_border_radius__hover_enabled=&#8221;off&#8221; button_one_border_radius__hover_enabled=&#8221;off&#8221; button_two_border_radius__hover_enabled=&#8221;off&#8221; button_letter_spacing__hover_enabled=&#8221;off&#8221; button_one_letter_spacing__hover_enabled=&#8221;off&#8221; button_two_letter_spacing__hover_enabled=&#8221;off&#8221; button_bg_color__hover_enabled=&#8221;off&#8221; button_one_bg_color__hover_enabled=&#8221;off&#8221; button_two_bg_color__hover_enabled=&#8221;off&#8221;][\/et_pb_contact_field][\/et_pb_contact_form][\/et_pb_column][et_pb_column type=&#8221;2_5&#8243; _builder_version=&#8221;4.16&#8243; global_colors_info=&#8221;{}&#8221;][et_pb_text _builder_version=&#8221;4.21.0&#8243; text_text_color=&#8221;#ffffff&#8221; header_text_align=&#8221;left&#8221; header_2_font=&#8221;|700|||||||&#8221; header_2_text_align=&#8221;left&#8221; header_2_font_size=&#8221;25px&#8221; max_width=&#8221;500px&#8221; module_alignment=&#8221;center&#8221; custom_margin=&#8221;70px||30px||false|false&#8221; custom_margin_tablet=&#8221;50px||30px||false|false&#8221; custom_margin_phone=&#8221;&#8221; custom_margin_last_edited=&#8221;on|tablet&#8221; header_2_font_size_tablet=&#8221;&#8221; header_2_font_size_phone=&#8221;22px&#8221; header_2_font_size_last_edited=&#8221;on|phone&#8221; module_alignment_tablet=&#8221;left&#8221; module_alignment_phone=&#8221;&#8221; module_alignment_last_edited=&#8221;on|tablet&#8221; locked=&#8221;off&#8221; global_colors_info=&#8221;{}&#8221;]<\/p>\n<h2>Make an appointment with a doctor<\/h2>\n<p>[\/et_pb_text][et_pb_blurb title=&#8221;praha6@ambicare.eu&#8221; use_icon=&#8221;on&#8221; font_icon=&#8221;&#xe010;||divi||400&#8243; icon_placement=&#8221;left&#8221; content_max_width_tablet=&#8221;100%&#8221; content_max_width_phone=&#8221;&#8221; content_max_width_last_edited=&#8221;on|tablet&#8221; module_class=&#8221;rp_blurb05&#8243; _builder_version=&#8221;4.27.3&#8243; header_font=&#8221;||||||||&#8221; header_letter_spacing=&#8221;1px&#8221; header_line_height=&#8221;1.9em&#8221; custom_margin=&#8221;||5px|||&#8221; hover_enabled=&#8221;0&#8243; locked=&#8221;off&#8221; global_colors_info=&#8221;{}&#8221; sticky_enabled=&#8221;0&#8243;][\/et_pb_blurb][et_pb_blurb title=&#8221;+ 420 727 943 896&#8243; use_icon=&#8221;on&#8221; font_icon=&#8221;&#x77;||divi||400&#8243; icon_placement=&#8221;left&#8221; content_max_width_tablet=&#8221;100%&#8221; content_max_width_phone=&#8221;&#8221; content_max_width_last_edited=&#8221;on|tablet&#8221; module_class=&#8221;rp_blurb05&#8243; _builder_version=&#8221;4.22.2&#8243; header_font=&#8221;||||||||&#8221; header_letter_spacing=&#8221;1px&#8221; header_line_height=&#8221;1.9em&#8221; custom_margin=&#8221;||5px|||&#8221; locked=&#8221;off&#8221; global_colors_info=&#8221;{}&#8221;][\/et_pb_blurb][et_pb_blurb title=&#8221;Ambicare Prague 6 \u2013 V\u00edt\u011bzn\u00e9 n\u00e1m\u011bst\u00ed 10, 160 00 Praha 6 &#8211; Dejvice&#8221; use_icon=&#8221;on&#8221; font_icon=&#8221;&#xe01f;||divi||400&#8243; icon_placement=&#8221;left&#8221; content_max_width_tablet=&#8221;100%&#8221; content_max_width_phone=&#8221;&#8221; content_max_width_last_edited=&#8221;on|tablet&#8221; module_class=&#8221;rp_blurb05&#8243; _builder_version=&#8221;4.22.2&#8243; header_font=&#8221;||||||||&#8221; header_letter_spacing=&#8221;1px&#8221; header_line_height=&#8221;1.9em&#8221; custom_margin=&#8221;|-32px|5px|||&#8221; custom_margin_tablet=&#8221;|-32px|5px|||&#8221; custom_margin_phone=&#8221;|0px|||false|false&#8221; custom_margin_last_edited=&#8221;on|phone&#8221; locked=&#8221;off&#8221; global_colors_info=&#8221;{}&#8221;][\/et_pb_blurb][\/et_pb_column][\/et_pb_row][\/et_pb_section]<\/p>\n","protected":false},"excerpt":{"rendered":"<p>Marcela Gadu\u0161ov\u00e1 dermatology nurseEducation1986\u20131990\u00a0Secondary Medical School, Levo\u010daProfessional experience1990\u20131996\u00a0nurse, Department of Anaesthesia and Resuscitation, Hospital with Polyclinic, Levo\u010da1996\u20132001\u00a0nurse, Department of Anaesthesia and Resuscitation, Hospital with Polyclinic, Spi\u0161sk\u00e1 Nov\u00e1 Ves2007\u20132008dental nurse, dental surgery Sa\u017eestdent s.r.o., Zvolen2008\u20132013nurse, aesthetic dermatology, plastic surgery, Medicentrum s.r.o., Zvolen2013\u20132016\u00a0nurse, one-day orthopaedic clinic, Shams s.r.o., Bansk\u00e1 Bystrica2016\u20132017\u00a0nurse, general practitioner&#8217;s office, Moje ambulance, Praha2017 to [&hellip;]<\/p>\n","protected":false},"author":8,"featured_media":0,"parent":3148,"menu_order":0,"comment_status":"closed","ping_status":"closed","template":"","meta":{"_et_pb_use_builder":"on","_et_pb_old_content":"","_et_gb_content_width":"","footnotes":""},"class_list":["post-3160","page","type-page","status-publish","hentry"],"yoast_head":"<!-- This site is optimized with the Yoast SEO plugin v26.7 - https:\/\/yoast.com\/wordpress\/plugins\/seo\/ -->\n<title>Marcela Gadu\u0161ov\u00e1 - Ambicare<\/title>\n<meta name=\"robots\" content=\"index, follow, max-snippet:-1, max-image-preview:large, max-video-preview:-1\" \/>\n<link rel=\"canonical\" href=\"https:\/\/ambicare.cz\/en\/our-doctors\/marcela-gadusova\/\" \/>\n<meta property=\"og:locale\" content=\"en_US\" \/>\n<meta property=\"og:type\" content=\"article\" \/>\n<meta property=\"og:title\" content=\"Marcela Gadu\u0161ov\u00e1 - Ambicare\" \/>\n<meta property=\"og:description\" content=\"Marcela Gadu\u0161ov\u00e1 dermatology nurseEducation1986\u20131990\u00a0Secondary Medical School, Levo\u010daProfessional experience1990\u20131996\u00a0nurse, Department of Anaesthesia and Resuscitation, Hospital with Polyclinic, Levo\u010da1996\u20132001\u00a0nurse, Department of Anaesthesia and Resuscitation, Hospital with Polyclinic, Spi\u0161sk\u00e1 Nov\u00e1 Ves2007\u20132008dental nurse, dental surgery Sa\u017eestdent s.r.o., Zvolen2008\u20132013nurse, aesthetic dermatology, plastic surgery, Medicentrum s.r.o., Zvolen2013\u20132016\u00a0nurse, one-day orthopaedic clinic, Shams s.r.o., Bansk\u00e1 Bystrica2016\u20132017\u00a0nurse, general practitioner&#039;s office, Moje ambulance, Praha2017 to [&hellip;]\" \/>\n<meta property=\"og:url\" content=\"https:\/\/ambicare.cz\/en\/our-doctors\/marcela-gadusova\/\" \/>\n<meta property=\"og:site_name\" content=\"Ambicare\" \/>\n<meta property=\"article:modified_time\" content=\"2024-12-19T13:54:59+00:00\" \/>\n<meta name=\"twitter:card\" content=\"summary_large_image\" \/>\n<meta name=\"twitter:label1\" content=\"Est. reading time\" \/>\n\t<meta name=\"twitter:data1\" content=\"10 minutes\" \/>\n<script type=\"application\/ld+json\" class=\"yoast-schema-graph\">{\"@context\":\"https:\/\/schema.org\",\"@graph\":[{\"@type\":\"WebPage\",\"@id\":\"https:\/\/ambicare.cz\/en\/our-doctors\/marcela-gadusova\/\",\"url\":\"https:\/\/ambicare.cz\/en\/our-doctors\/marcela-gadusova\/\",\"name\":\"Marcela Gadu\u0161ov\u00e1 - Ambicare\",\"isPartOf\":{\"@id\":\"https:\/\/ambicare.cz\/#website\"},\"datePublished\":\"2023-09-24T08:29:43+00:00\",\"dateModified\":\"2024-12-19T13:54:59+00:00\",\"breadcrumb\":{\"@id\":\"https:\/\/ambicare.cz\/en\/our-doctors\/marcela-gadusova\/#breadcrumb\"},\"inLanguage\":\"en-US\",\"potentialAction\":[{\"@type\":\"ReadAction\",\"target\":[\"https:\/\/ambicare.cz\/en\/our-doctors\/marcela-gadusova\/\"]}]},{\"@type\":\"BreadcrumbList\",\"@id\":\"https:\/\/ambicare.cz\/en\/our-doctors\/marcela-gadusova\/#breadcrumb\",\"itemListElement\":[{\"@type\":\"ListItem\",\"position\":1,\"name\":\"Dom\u016f\",\"item\":\"https:\/\/ambicare.cz\/en\/\"},{\"@type\":\"ListItem\",\"position\":2,\"name\":\"Our doctors\",\"item\":\"https:\/\/ambicare.cz\/en\/our-doctors\/\"},{\"@type\":\"ListItem\",\"position\":3,\"name\":\"Marcela Gadu\u0161ov\u00e1\"}]},{\"@type\":\"WebSite\",\"@id\":\"https:\/\/ambicare.cz\/#website\",\"url\":\"https:\/\/ambicare.cz\/\",\"name\":\"Ambicare\",\"description\":\"Ordinace odborn\u00fdch l\u00e9ka\u0159\u016f pod jednou st\u0159echou\",\"potentialAction\":[{\"@type\":\"SearchAction\",\"target\":{\"@type\":\"EntryPoint\",\"urlTemplate\":\"https:\/\/ambicare.cz\/?s={search_term_string}\"},\"query-input\":{\"@type\":\"PropertyValueSpecification\",\"valueRequired\":true,\"valueName\":\"search_term_string\"}}],\"inLanguage\":\"en-US\"}]}<\/script>\n<!-- \/ Yoast SEO plugin. -->","yoast_head_json":{"title":"Marcela Gadu\u0161ov\u00e1 - Ambicare","robots":{"index":"index","follow":"follow","max-snippet":"max-snippet:-1","max-image-preview":"max-image-preview:large","max-video-preview":"max-video-preview:-1"},"canonical":"https:\/\/ambicare.cz\/en\/our-doctors\/marcela-gadusova\/","og_locale":"en_US","og_type":"article","og_title":"Marcela Gadu\u0161ov\u00e1 - Ambicare","og_description":"Marcela Gadu\u0161ov\u00e1 dermatology nurseEducation1986\u20131990\u00a0Secondary Medical School, Levo\u010daProfessional experience1990\u20131996\u00a0nurse, Department of Anaesthesia and Resuscitation, Hospital with Polyclinic, Levo\u010da1996\u20132001\u00a0nurse, Department of Anaesthesia and Resuscitation, Hospital with Polyclinic, Spi\u0161sk\u00e1 Nov\u00e1 Ves2007\u20132008dental nurse, dental surgery Sa\u017eestdent s.r.o., Zvolen2008\u20132013nurse, aesthetic dermatology, plastic surgery, Medicentrum s.r.o., Zvolen2013\u20132016\u00a0nurse, one-day orthopaedic clinic, Shams s.r.o., Bansk\u00e1 Bystrica2016\u20132017\u00a0nurse, general practitioner's office, Moje ambulance, Praha2017 to [&hellip;]","og_url":"https:\/\/ambicare.cz\/en\/our-doctors\/marcela-gadusova\/","og_site_name":"Ambicare","article_modified_time":"2024-12-19T13:54:59+00:00","twitter_card":"summary_large_image","twitter_misc":{"Est. reading time":"10 minutes"},"schema":{"@context":"https:\/\/schema.org","@graph":[{"@type":"WebPage","@id":"https:\/\/ambicare.cz\/en\/our-doctors\/marcela-gadusova\/","url":"https:\/\/ambicare.cz\/en\/our-doctors\/marcela-gadusova\/","name":"Marcela Gadu\u0161ov\u00e1 - Ambicare","isPartOf":{"@id":"https:\/\/ambicare.cz\/#website"},"datePublished":"2023-09-24T08:29:43+00:00","dateModified":"2024-12-19T13:54:59+00:00","breadcrumb":{"@id":"https:\/\/ambicare.cz\/en\/our-doctors\/marcela-gadusova\/#breadcrumb"},"inLanguage":"en-US","potentialAction":[{"@type":"ReadAction","target":["https:\/\/ambicare.cz\/en\/our-doctors\/marcela-gadusova\/"]}]},{"@type":"BreadcrumbList","@id":"https:\/\/ambicare.cz\/en\/our-doctors\/marcela-gadusova\/#breadcrumb","itemListElement":[{"@type":"ListItem","position":1,"name":"Dom\u016f","item":"https:\/\/ambicare.cz\/en\/"},{"@type":"ListItem","position":2,"name":"Our doctors","item":"https:\/\/ambicare.cz\/en\/our-doctors\/"},{"@type":"ListItem","position":3,"name":"Marcela Gadu\u0161ov\u00e1"}]},{"@type":"WebSite","@id":"https:\/\/ambicare.cz\/#website","url":"https:\/\/ambicare.cz\/","name":"Ambicare","description":"Ordinace odborn\u00fdch l\u00e9ka\u0159\u016f pod jednou st\u0159echou","potentialAction":[{"@type":"SearchAction","target":{"@type":"EntryPoint","urlTemplate":"https:\/\/ambicare.cz\/?s={search_term_string}"},"query-input":{"@type":"PropertyValueSpecification","valueRequired":true,"valueName":"search_term_string"}}],"inLanguage":"en-US"}]}},"_links":{"self":[{"href":"https:\/\/ambicare.cz\/en\/wp-json\/wp\/v2\/pages\/3160","targetHints":{"allow":["GET"]}}],"collection":[{"href":"https:\/\/ambicare.cz\/en\/wp-json\/wp\/v2\/pages"}],"about":[{"href":"https:\/\/ambicare.cz\/en\/wp-json\/wp\/v2\/types\/page"}],"author":[{"embeddable":true,"href":"https:\/\/ambicare.cz\/en\/wp-json\/wp\/v2\/users\/8"}],"replies":[{"embeddable":true,"href":"https:\/\/ambicare.cz\/en\/wp-json\/wp\/v2\/comments?post=3160"}],"version-history":[{"count":4,"href":"https:\/\/ambicare.cz\/en\/wp-json\/wp\/v2\/pages\/3160\/revisions"}],"predecessor-version":[{"id":3852,"href":"https:\/\/ambicare.cz\/en\/wp-json\/wp\/v2\/pages\/3160\/revisions\/3852"}],"up":[{"embeddable":true,"href":"https:\/\/ambicare.cz\/en\/wp-json\/wp\/v2\/pages\/3148"}],"wp:attachment":[{"href":"https:\/\/ambicare.cz\/en\/wp-json\/wp\/v2\/media?parent=3160"}],"curies":[{"name":"wp","href":"https:\/\/api.w.org\/{rel}","templated":true}]}}