{"id":3172,"date":"2023-09-24T08:10:20","date_gmt":"2023-09-24T08:10:20","guid":{"rendered":"https:\/\/ambicare.cz\/jindriska-rajnisova\/"},"modified":"2024-12-19T14:38:48","modified_gmt":"2024-12-19T14:38:48","slug":"jindriska-rajnisova","status":"publish","type":"page","link":"https:\/\/ambicare.cz\/en\/our-doctors\/jindriska-rajnisova\/","title":{"rendered":"Jind\u0159i\u0161ka Rajni\u0161ov\u00e1"},"content":{"rendered":"<p>[et_pb_section fb_built=&#8221;1&#8243; admin_label=&#8221;Section&#8221; _builder_version=&#8221;4.22.1&#8243; background_color=&#8221;#F0F1F4&#8243; custom_margin=&#8221;||-50px||false|false&#8221; custom_padding=&#8221;40px||0px|||&#8221; da_disable_devices=&#8221;off|off|off&#8221; global_colors_info=&#8221;{}&#8221; da_is_popup=&#8221;off&#8221; da_exit_intent=&#8221;off&#8221; da_has_close=&#8221;on&#8221; da_alt_close=&#8221;off&#8221; da_dark_close=&#8221;off&#8221; da_not_modal=&#8221;on&#8221; da_is_singular=&#8221;off&#8221; da_with_loader=&#8221;off&#8221; da_has_shadow=&#8221;on&#8221;][et_pb_row column_structure=&#8221;3_4,1_4&#8243; _builder_version=&#8221;4.22.1&#8243; _module_preset=&#8221;default&#8221; global_colors_info=&#8221;{}&#8221;][et_pb_column type=&#8221;3_4&#8243; _builder_version=&#8221;4.22.1&#8243; _module_preset=&#8221;default&#8221; global_colors_info=&#8221;{}&#8221;][et_pb_text _builder_version=&#8221;4.22.2&#8243; header_font=&#8221;|700|||||||&#8221; header_text_align=&#8221;left&#8221; header_font_size=&#8221;50px&#8221; custom_margin=&#8221;|-184px|2px|||&#8221; custom_margin_tablet=&#8221;||||false|false&#8221; custom_margin_phone=&#8221;|0px|2px||false|false&#8221; custom_margin_last_edited=&#8221;on|tablet&#8221; header_text_align_tablet=&#8221;&#8221; header_text_align_phone=&#8221;center&#8221; header_text_align_last_edited=&#8221;on|phone&#8221; header_font_size_tablet=&#8221;30px&#8221; header_font_size_phone=&#8221;25px&#8221; header_font_size_last_edited=&#8221;on|tablet&#8221; global_colors_info=&#8221;{}&#8221; custom_css_main_element_last_edited=&#8221;on|phone&#8221; custom_css_main_element_phone=&#8221;order: 1;&#8221;]<\/p>\n<h1>MUDr. Jind\u0159i\u0161ka Rajni\u0161ov\u00e1<\/h1>\n<p>[\/et_pb_text][et_pb_text _builder_version=&#8221;4.22.2&#8243; _module_preset=&#8221;default&#8221; text_font_size=&#8221;16px&#8221; header_text_align=&#8221;left&#8221; text_orientation_tablet=&#8221;&#8221; text_orientation_phone=&#8221;center&#8221; text_orientation_last_edited=&#8221;on|phone&#8221; global_colors_info=&#8221;{}&#8221; custom_css_main_element_last_edited=&#8221;off|desktop&#8221;]<\/p>\n<p>Doctor of Dermatology<\/p>\n<p>[\/et_pb_text][\/et_pb_column][et_pb_column type=&#8221;1_4&#8243; _builder_version=&#8221;4.22.1&#8243; _module_preset=&#8221;default&#8221; global_colors_info=&#8221;{}&#8221;][et_pb_image src=&#8221;https:\/\/ambicare.cz\/wp-content\/uploads\/2023\/09\/mudr_jindriska_rajnisova.jpg&#8221; alt=&#8221;MUDr. Jind\u0159i\u0161ka Rajni\u0161ov\u00e1&#8221; title_text=&#8221;mudr_jindriska_rajnisova&#8221; disabled_on=&#8221;off|off|off&#8221; admin_label=&#8221;Obr\u00e1zek&#8221; _builder_version=&#8221;4.22.2&#8243; _module_preset=&#8221;default&#8221; transform_scale_tablet=&#8221;&#8221; transform_scale_phone=&#8221;70%|70%&#8221; transform_scale_last_edited=&#8221;on|phone&#8221; transform_translate=&#8221;12px|105px&#8221; transform_translate_tablet=&#8221;&#8221; transform_translate_phone=&#8221;0px|1px&#8221; transform_translate_last_edited=&#8221;on|phone&#8221; transform_translate_linked=&#8221;off&#8221; transform_rotate_tablet=&#8221;&#8221; transform_rotate_phone=&#8221;&#8221; transform_rotate_last_edited=&#8221;on|desktop&#8221; transform_skew_tablet=&#8221;&#8221; transform_skew_phone=&#8221;&#8221; transform_skew_last_edited=&#8221;on|desktop&#8221; transform_origin_tablet=&#8221;&#8221; transform_origin_phone=&#8221;&#8221; transform_origin_last_edited=&#8221;on|desktop&#8221; transform_styles_last_edited=&#8221;on|phone&#8221; width_tablet=&#8221;50%&#8221; width_phone=&#8221;100%&#8221; width_last_edited=&#8221;on|phone&#8221; custom_margin_tablet=&#8221;-50px||200px||false|false&#8221; custom_margin_phone=&#8221;-20px||80px||false|false&#8221; custom_margin_last_edited=&#8221;on|tablet&#8221; custom_padding=&#8221;||||false|false&#8221; transform_styles_tablet=&#8221;&#8221; transform_styles_phone=&#8221;&#8221; border_radii=&#8221;on|120px|120px|120px|120px&#8221; border_radii_tablet=&#8221;on|230px|230px|230px|230px&#8221; border_radii_phone=&#8221;on|155px|155px|155px|155px&#8221; border_radii_last_edited=&#8221;on|tablet&#8221; global_colors_info=&#8221;{}&#8221; custom_css_main_element_last_edited=&#8221;off|desktop&#8221; custom_css_main_element_phone=&#8221;order: 3;&#8221;][\/et_pb_image][\/et_pb_column][\/et_pb_row][et_pb_row column_structure=&#8221;3_4,1_4&#8243; make_equal=&#8221;on&#8221; _builder_version=&#8221;4.22.1&#8243; transform_translate=&#8221;0px|-108px&#8221; transform_translate_linked=&#8221;off&#8221; custom_margin=&#8221;-25px||||false|false&#8221; custom_padding=&#8221;0px||3px||false|false&#8221; custom_css_main_element=&#8221;display: flex;||flex-wrap: wrap;&#8221; global_colors_info=&#8221;{}&#8221;][et_pb_column type=&#8221;3_4&#8243; module_class=&#8221;vertical-align&#8221; _builder_version=&#8221;4.16&#8243; global_colors_info=&#8221;{}&#8221;][et_pb_text _builder_version=&#8221;4.22.2&#8243; header_text_align=&#8221;left&#8221; custom_margin=&#8221;2px||||false|false&#8221; custom_margin_tablet=&#8221;60px||||false|false&#8221; custom_margin_phone=&#8221;25px||||false|false&#8221; custom_margin_last_edited=&#8221;on|tablet&#8221; header_3_text_align_tablet=&#8221;&#8221; header_3_text_align_phone=&#8221;center&#8221; header_3_text_align_last_edited=&#8221;on|phone&#8221; border_radii_tablet=&#8221;&#8221; border_radii_phone=&#8221;&#8221; border_radii_last_edited=&#8221;on|tablet&#8221; global_colors_info=&#8221;{}&#8221;]<\/p>\n<h3>Education<\/h3>\n<p>[\/et_pb_text][et_pb_text _builder_version=&#8221;4.22.2&#8243; text_font_size=&#8221;16px&#8221; text_line_height=&#8221;1.6em&#8221; header_text_align=&#8221;left&#8221; text_orientation_tablet=&#8221;&#8221; text_orientation_phone=&#8221;center&#8221; text_orientation_last_edited=&#8221;on|phone&#8221; global_colors_info=&#8221;{}&#8221;]<\/p>\n<p style=\"text-align: left;\"><span class=\"accent_year\">1979<\/span> <span>graduation from the Faculty of General Medicine, Charles University<\/span><\/p>\n<p>[\/et_pb_text][et_pb_text _builder_version=&#8221;4.22.2&#8243; text_font_size=&#8221;16px&#8221; text_line_height=&#8221;1.6em&#8221; header_text_align=&#8221;left&#8221; text_orientation_tablet=&#8221;&#8221; text_orientation_phone=&#8221;center&#8221; text_orientation_last_edited=&#8221;on|phone&#8221; global_colors_info=&#8221;{}&#8221;]<\/p>\n<p style=\"text-align: left;\"><span class=\"accent_year\">1985<\/span>\u00a0<span>First degree specialisation in dermatology<\/span><\/p>\n<p>[\/et_pb_text][et_pb_text _builder_version=&#8221;4.22.2&#8243; text_font_size=&#8221;16px&#8221; text_line_height=&#8221;1.6em&#8221; header_text_align=&#8221;left&#8221; custom_margin=&#8221;||50px|||&#8221; text_orientation_tablet=&#8221;&#8221; text_orientation_phone=&#8221;center&#8221; text_orientation_last_edited=&#8221;on|phone&#8221; global_colors_info=&#8221;{}&#8221;]<\/p>\n<p style=\"text-align: left;\"><span class=\"accent_year\">1990<\/span>\u00a0<span>Second degree specialisation in dermatology<\/span><\/p>\n<p>[\/et_pb_text][et_pb_text _builder_version=&#8221;4.22.1&#8243; header_text_align=&#8221;left&#8221; custom_margin=&#8221;2px||2px||false|false&#8221; header_3_text_align_tablet=&#8221;&#8221; header_3_text_align_phone=&#8221;center&#8221; header_3_text_align_last_edited=&#8221;on|phone&#8221; global_colors_info=&#8221;{}&#8221;]<\/p>\n<h3>Professional experience<\/h3>\n<p>[\/et_pb_text][et_pb_text _builder_version=&#8221;4.22.2&#8243; text_font_size=&#8221;16px&#8221; text_line_height=&#8221;1.6em&#8221; header_text_align=&#8221;left&#8221; custom_margin=&#8221;21px|||||&#8221; text_orientation_tablet=&#8221;&#8221; text_orientation_phone=&#8221;center&#8221; text_orientation_last_edited=&#8221;on|phone&#8221; global_colors_info=&#8221;{}&#8221;]<\/p>\n<p style=\"text-align: left;\"><span class=\"accent_year\">1980\u20131993<\/span>\u00a0<span>consultant at the Department of Dermatology, University Hospital Kr\u00e1lovsk\u00e9 Vinohrady<\/span><\/p>\n<p>[\/et_pb_text][et_pb_text _builder_version=&#8221;4.22.2&#8243; text_font_size=&#8221;16px&#8221; text_line_height=&#8221;1.6em&#8221; header_text_align=&#8221;left&#8221; custom_margin=&#8221;||50px|||&#8221; text_orientation_tablet=&#8221;&#8221; text_orientation_phone=&#8221;center&#8221; text_orientation_last_edited=&#8221;on|phone&#8221; global_colors_info=&#8221;{}&#8221;]<\/p>\n<p style=\"text-align: left;\"><span class=\"accent_year\">1994<\/span>\u00a0<span>self-employed individual \u2013 private dental practice at the Stamicova 21 polyclinic, Prague 6<\/span><\/p>\n<p>[\/et_pb_text][et_pb_button button_url=&#8221;#kontakt-ambi6&#8243; button_text=&#8221;Make an appointment with a doctor&#8221; button_alignment=&#8221;center&#8221; button_alignment_tablet=&#8221;left&#8221; button_alignment_phone=&#8221;center&#8221; button_alignment_last_edited=&#8221;on|phone&#8221; module_class=&#8221;primary_button&#8221; _builder_version=&#8221;4.24.0&#8243; custom_button=&#8221;on&#8221; button_text_size=&#8221;16px&#8221; button_text_color=&#8221;#ffffff&#8221; button_border_width=&#8221;0px&#8221; button_border_radius=&#8221;50px&#8221; button_letter_spacing=&#8221;1px&#8221; button_font=&#8221;Poppins||||||||&#8221; button_use_icon=&#8221;off&#8221; custom_margin=&#8221;|||180px|false|false&#8221; custom_margin_tablet=&#8221;|||180px|false|false&#8221; custom_margin_phone=&#8221;||-50px|0px|false|false&#8221; custom_margin_last_edited=&#8221;on|phone&#8221; custom_padding=&#8221;20px|40px|20px|40px|true|true&#8221; custom_padding_tablet=&#8221;&#8221; custom_padding_phone=&#8221;15px|30px|15px|30px|true|true&#8221; custom_padding_last_edited=&#8221;on|phone&#8221; locked=&#8221;off&#8221; global_colors_info=&#8221;{}&#8221; button_bg_color__hover_enabled=&#8221;on|hover&#8221; button_bg_color__hover=&#8221;&#8221; button_bg_enable_color__hover=&#8221;off&#8221;][\/et_pb_button][\/et_pb_column][et_pb_column type=&#8221;1_4&#8243; _builder_version=&#8221;4.16&#8243; global_colors_info=&#8221;{}&#8221;][\/et_pb_column][\/et_pb_row][\/et_pb_section][et_pb_section fb_built=&#8221;1&#8243; admin_label=&#8221;Section&#8221; module_id=&#8221;kontakt-ambi6&#8243; _builder_version=&#8221;4.24.0&#8243; background_color=&#8221;#FFFFFF&#8221; custom_margin=&#8221;-1px||17px||false|false&#8221; custom_padding=&#8221;0px||0px|||&#8221; da_popup_slug=&#8221;kontakt-ambi6&#8243; da_disable_devices=&#8221;off|off|off&#8221; saved_tabs=&#8221;all&#8221; global_colors_info=&#8221;{}&#8221; da_is_popup=&#8221;off&#8221; da_exit_intent=&#8221;off&#8221; da_has_close=&#8221;on&#8221; da_alt_close=&#8221;off&#8221; da_dark_close=&#8221;off&#8221; da_not_modal=&#8221;on&#8221; da_is_singular=&#8221;off&#8221; da_with_loader=&#8221;off&#8221; da_has_shadow=&#8221;on&#8221;][et_pb_row column_structure=&#8221;3_5,2_5&#8243; _builder_version=&#8221;4.21.0&#8243; width_tablet=&#8221;&#8221; width_phone=&#8221;90%&#8221; width_last_edited=&#8221;on|phone&#8221; custom_margin=&#8221;||40px||false|false&#8221; custom_padding=&#8221;0px||50px||false|false&#8221; global_colors_info=&#8221;{}&#8221;][et_pb_column type=&#8221;3_5&#8243; _builder_version=&#8221;4.16&#8243; global_colors_info=&#8221;{}&#8221;][et_pb_contact_form email=&#8221;recepce@ambicare.eu&#8221; title=&#8221;Contact form&#8221; success_message=&#8221;Thank you for your message, we will contact you soon. &#8221; submit_button_text=&#8221;Send message&#8221; _builder_version=&#8221;4.24.0&#8243; _module_preset=&#8221;default&#8221; _unique_id=&#8221;e214a609-4f9b-44d5-a242-de65608191ab&#8221; title_font=&#8221;Poppins|700|||||||&#8221; form_field_font=&#8221;Poppins||||||||&#8221; custom_button=&#8221;on&#8221; button_font=&#8221;Poppins||||||||&#8221; button_custom_margin=&#8221;|200px|||false|false&#8221; button_custom_margin_tablet=&#8221;|200px|||false|false&#8221; button_custom_margin_phone=&#8221;|0px|||false|false&#8221; button_custom_margin_last_edited=&#8221;on|phone&#8221; button_custom_padding=&#8221;||||false|false&#8221; custom_margin=&#8221;70px||||false|false&#8221; border_radii=&#8221;on|12px|12px|12px|12px&#8221; global_colors_info=&#8221;{}&#8221;][et_pb_contact_field field_id=&#8221;Name&#8221; field_title=&#8221;Name&#8221; _builder_version=&#8221;4.24.0&#8243; global_colors_info=&#8221;{}&#8221; button_text_size__hover_enabled=&#8221;off&#8221; button_one_text_size__hover_enabled=&#8221;off&#8221; button_two_text_size__hover_enabled=&#8221;off&#8221; button_text_color__hover_enabled=&#8221;off&#8221; button_one_text_color__hover_enabled=&#8221;off&#8221; button_two_text_color__hover_enabled=&#8221;off&#8221; button_border_width__hover_enabled=&#8221;off&#8221; button_one_border_width__hover_enabled=&#8221;off&#8221; button_two_border_width__hover_enabled=&#8221;off&#8221; button_border_color__hover_enabled=&#8221;off&#8221; button_one_border_color__hover_enabled=&#8221;off&#8221; button_two_border_color__hover_enabled=&#8221;off&#8221; button_border_radius__hover_enabled=&#8221;off&#8221; button_one_border_radius__hover_enabled=&#8221;off&#8221; button_two_border_radius__hover_enabled=&#8221;off&#8221; button_letter_spacing__hover_enabled=&#8221;off&#8221; button_one_letter_spacing__hover_enabled=&#8221;off&#8221; button_two_letter_spacing__hover_enabled=&#8221;off&#8221; button_bg_color__hover_enabled=&#8221;off&#8221; button_one_bg_color__hover_enabled=&#8221;off&#8221; button_two_bg_color__hover_enabled=&#8221;off&#8221;][\/et_pb_contact_field][et_pb_contact_field field_id=&#8221;Email&#8221; field_title=&#8221;Email&#8221; field_type=&#8221;email&#8221; _builder_version=&#8221;4.24.0&#8243; global_colors_info=&#8221;{}&#8221; button_text_size__hover_enabled=&#8221;off&#8221; button_one_text_size__hover_enabled=&#8221;off&#8221; button_two_text_size__hover_enabled=&#8221;off&#8221; button_text_color__hover_enabled=&#8221;off&#8221; button_one_text_color__hover_enabled=&#8221;off&#8221; button_two_text_color__hover_enabled=&#8221;off&#8221; button_border_width__hover_enabled=&#8221;off&#8221; button_one_border_width__hover_enabled=&#8221;off&#8221; button_two_border_width__hover_enabled=&#8221;off&#8221; button_border_color__hover_enabled=&#8221;off&#8221; button_one_border_color__hover_enabled=&#8221;off&#8221; button_two_border_color__hover_enabled=&#8221;off&#8221; button_border_radius__hover_enabled=&#8221;off&#8221; button_one_border_radius__hover_enabled=&#8221;off&#8221; button_two_border_radius__hover_enabled=&#8221;off&#8221; button_letter_spacing__hover_enabled=&#8221;off&#8221; button_one_letter_spacing__hover_enabled=&#8221;off&#8221; button_two_letter_spacing__hover_enabled=&#8221;off&#8221; button_bg_color__hover_enabled=&#8221;off&#8221; button_one_bg_color__hover_enabled=&#8221;off&#8221; button_two_bg_color__hover_enabled=&#8221;off&#8221;][\/et_pb_contact_field][et_pb_contact_field field_id=&#8221;Message&#8221; field_title=&#8221;Your message&#8221; field_type=&#8221;text&#8221; fullwidth_field=&#8221;on&#8221; _builder_version=&#8221;4.24.0&#8243; global_colors_info=&#8221;{}&#8221; button_text_size__hover_enabled=&#8221;off&#8221; button_one_text_size__hover_enabled=&#8221;off&#8221; button_two_text_size__hover_enabled=&#8221;off&#8221; button_text_color__hover_enabled=&#8221;off&#8221; button_one_text_color__hover_enabled=&#8221;off&#8221; button_two_text_color__hover_enabled=&#8221;off&#8221; button_border_width__hover_enabled=&#8221;off&#8221; button_one_border_width__hover_enabled=&#8221;off&#8221; button_two_border_width__hover_enabled=&#8221;off&#8221; button_border_color__hover_enabled=&#8221;off&#8221; button_one_border_color__hover_enabled=&#8221;off&#8221; button_two_border_color__hover_enabled=&#8221;off&#8221; button_border_radius__hover_enabled=&#8221;off&#8221; button_one_border_radius__hover_enabled=&#8221;off&#8221; button_two_border_radius__hover_enabled=&#8221;off&#8221; button_letter_spacing__hover_enabled=&#8221;off&#8221; button_one_letter_spacing__hover_enabled=&#8221;off&#8221; button_two_letter_spacing__hover_enabled=&#8221;off&#8221; button_bg_color__hover_enabled=&#8221;off&#8221; button_one_bg_color__hover_enabled=&#8221;off&#8221; button_two_bg_color__hover_enabled=&#8221;off&#8221;][\/et_pb_contact_field][\/et_pb_contact_form][\/et_pb_column][et_pb_column type=&#8221;2_5&#8243; _builder_version=&#8221;4.16&#8243; global_colors_info=&#8221;{}&#8221;][et_pb_text _builder_version=&#8221;4.21.0&#8243; text_text_color=&#8221;#ffffff&#8221; header_text_align=&#8221;left&#8221; header_2_font=&#8221;|700|||||||&#8221; header_2_text_align=&#8221;left&#8221; header_2_font_size=&#8221;25px&#8221; max_width=&#8221;500px&#8221; module_alignment=&#8221;center&#8221; custom_margin=&#8221;70px||30px||false|false&#8221; custom_margin_tablet=&#8221;50px||30px||false|false&#8221; custom_margin_phone=&#8221;&#8221; custom_margin_last_edited=&#8221;on|tablet&#8221; header_2_font_size_tablet=&#8221;&#8221; header_2_font_size_phone=&#8221;22px&#8221; header_2_font_size_last_edited=&#8221;on|phone&#8221; module_alignment_tablet=&#8221;left&#8221; module_alignment_phone=&#8221;&#8221; module_alignment_last_edited=&#8221;on|tablet&#8221; locked=&#8221;off&#8221; global_colors_info=&#8221;{}&#8221;]<\/p>\n<h2>Make an appointment with a doctor<\/h2>\n<p>[\/et_pb_text][et_pb_blurb title=&#8221;praha6@ambicare.eu&#8221; use_icon=&#8221;on&#8221; font_icon=&#8221;&#xe010;||divi||400&#8243; icon_placement=&#8221;left&#8221; content_max_width_tablet=&#8221;100%&#8221; content_max_width_phone=&#8221;&#8221; content_max_width_last_edited=&#8221;on|tablet&#8221; module_class=&#8221;rp_blurb05&#8243; _builder_version=&#8221;4.27.3&#8243; header_font=&#8221;||||||||&#8221; header_letter_spacing=&#8221;1px&#8221; header_line_height=&#8221;1.9em&#8221; custom_margin=&#8221;||5px|||&#8221; hover_enabled=&#8221;0&#8243; locked=&#8221;off&#8221; global_colors_info=&#8221;{}&#8221; sticky_enabled=&#8221;0&#8243;][\/et_pb_blurb][et_pb_blurb title=&#8221;+ 420 727 943 896&#8243; use_icon=&#8221;on&#8221; font_icon=&#8221;&#x77;||divi||400&#8243; icon_placement=&#8221;left&#8221; content_max_width_tablet=&#8221;100%&#8221; content_max_width_phone=&#8221;&#8221; content_max_width_last_edited=&#8221;on|tablet&#8221; module_class=&#8221;rp_blurb05&#8243; _builder_version=&#8221;4.22.2&#8243; header_font=&#8221;||||||||&#8221; header_letter_spacing=&#8221;1px&#8221; header_line_height=&#8221;1.9em&#8221; custom_margin=&#8221;||5px|||&#8221; locked=&#8221;off&#8221; global_colors_info=&#8221;{}&#8221;][\/et_pb_blurb][et_pb_blurb title=&#8221;Ambicare Prague 6 \u2013 V\u00edt\u011bzn\u00e9 n\u00e1m\u011bst\u00ed 10, 160 00 Praha 6 &#8211; Dejvice&#8221; use_icon=&#8221;on&#8221; font_icon=&#8221;&#xe01f;||divi||400&#8243; icon_placement=&#8221;left&#8221; content_max_width_tablet=&#8221;100%&#8221; content_max_width_phone=&#8221;&#8221; content_max_width_last_edited=&#8221;on|tablet&#8221; module_class=&#8221;rp_blurb05&#8243; _builder_version=&#8221;4.22.2&#8243; header_font=&#8221;||||||||&#8221; header_letter_spacing=&#8221;1px&#8221; header_line_height=&#8221;1.9em&#8221; custom_margin=&#8221;|-32px|5px|||&#8221; custom_margin_tablet=&#8221;|-32px|5px|||&#8221; custom_margin_phone=&#8221;|0px|||false|false&#8221; custom_margin_last_edited=&#8221;on|phone&#8221; locked=&#8221;off&#8221; global_colors_info=&#8221;{}&#8221;][\/et_pb_blurb][\/et_pb_column][\/et_pb_row][\/et_pb_section]<\/p>\n","protected":false},"excerpt":{"rendered":"<p>MUDr. Jind\u0159i\u0161ka Rajni\u0161ov\u00e1Doctor of DermatologyEducation1979 graduation from the Faculty of General Medicine, Charles University1985\u00a0First degree specialisation in dermatology1990\u00a0Second degree specialisation in dermatologyProfessional experience1980\u20131993\u00a0consultant at the Department of Dermatology, University Hospital Kr\u00e1lovsk\u00e9 Vinohrady1994\u00a0self-employed individual \u2013 private dental practice at the Stamicova 21 polyclinic, Prague 6Make an appointment with a doctor<\/p>\n","protected":false},"author":8,"featured_media":0,"parent":3148,"menu_order":0,"comment_status":"closed","ping_status":"closed","template":"","meta":{"_et_pb_use_builder":"on","_et_pb_old_content":"","_et_gb_content_width":"","footnotes":""},"class_list":["post-3172","page","type-page","status-publish","hentry"],"yoast_head":"<!-- This site is optimized with the Yoast SEO plugin v26.7 - https:\/\/yoast.com\/wordpress\/plugins\/seo\/ -->\n<title>Jind\u0159i\u0161ka Rajni\u0161ov\u00e1 - Ambicare<\/title>\n<meta name=\"robots\" content=\"index, follow, max-snippet:-1, max-image-preview:large, max-video-preview:-1\" \/>\n<link rel=\"canonical\" href=\"https:\/\/ambicare.cz\/en\/our-doctors\/jindriska-rajnisova\/\" \/>\n<meta property=\"og:locale\" content=\"en_US\" \/>\n<meta property=\"og:type\" content=\"article\" \/>\n<meta property=\"og:title\" content=\"Jind\u0159i\u0161ka Rajni\u0161ov\u00e1 - Ambicare\" \/>\n<meta property=\"og:description\" content=\"MUDr. Jind\u0159i\u0161ka Rajni\u0161ov\u00e1Doctor of DermatologyEducation1979 graduation from the Faculty of General Medicine, Charles University1985\u00a0First degree specialisation in dermatology1990\u00a0Second degree specialisation in dermatologyProfessional experience1980\u20131993\u00a0consultant at the Department of Dermatology, University Hospital Kr\u00e1lovsk\u00e9 Vinohrady1994\u00a0self-employed individual \u2013 private dental practice at the Stamicova 21 polyclinic, Prague 6Make an appointment with a doctor\" \/>\n<meta property=\"og:url\" content=\"https:\/\/ambicare.cz\/en\/our-doctors\/jindriska-rajnisova\/\" \/>\n<meta property=\"og:site_name\" content=\"Ambicare\" \/>\n<meta property=\"article:modified_time\" content=\"2024-12-19T14:38:48+00:00\" \/>\n<meta name=\"twitter:card\" content=\"summary_large_image\" \/>\n<meta name=\"twitter:label1\" content=\"Est. reading time\" \/>\n\t<meta name=\"twitter:data1\" content=\"10 minutes\" \/>\n<script type=\"application\/ld+json\" class=\"yoast-schema-graph\">{\"@context\":\"https:\/\/schema.org\",\"@graph\":[{\"@type\":\"WebPage\",\"@id\":\"https:\/\/ambicare.cz\/en\/our-doctors\/jindriska-rajnisova\/\",\"url\":\"https:\/\/ambicare.cz\/en\/our-doctors\/jindriska-rajnisova\/\",\"name\":\"Jind\u0159i\u0161ka Rajni\u0161ov\u00e1 - Ambicare\",\"isPartOf\":{\"@id\":\"https:\/\/ambicare.cz\/#website\"},\"datePublished\":\"2023-09-24T08:10:20+00:00\",\"dateModified\":\"2024-12-19T14:38:48+00:00\",\"breadcrumb\":{\"@id\":\"https:\/\/ambicare.cz\/en\/our-doctors\/jindriska-rajnisova\/#breadcrumb\"},\"inLanguage\":\"en-US\",\"potentialAction\":[{\"@type\":\"ReadAction\",\"target\":[\"https:\/\/ambicare.cz\/en\/our-doctors\/jindriska-rajnisova\/\"]}]},{\"@type\":\"BreadcrumbList\",\"@id\":\"https:\/\/ambicare.cz\/en\/our-doctors\/jindriska-rajnisova\/#breadcrumb\",\"itemListElement\":[{\"@type\":\"ListItem\",\"position\":1,\"name\":\"Dom\u016f\",\"item\":\"https:\/\/ambicare.cz\/en\/\"},{\"@type\":\"ListItem\",\"position\":2,\"name\":\"Our doctors\",\"item\":\"https:\/\/ambicare.cz\/en\/our-doctors\/\"},{\"@type\":\"ListItem\",\"position\":3,\"name\":\"Jind\u0159i\u0161ka Rajni\u0161ov\u00e1\"}]},{\"@type\":\"WebSite\",\"@id\":\"https:\/\/ambicare.cz\/#website\",\"url\":\"https:\/\/ambicare.cz\/\",\"name\":\"Ambicare\",\"description\":\"Ordinace odborn\u00fdch l\u00e9ka\u0159\u016f pod jednou st\u0159echou\",\"potentialAction\":[{\"@type\":\"SearchAction\",\"target\":{\"@type\":\"EntryPoint\",\"urlTemplate\":\"https:\/\/ambicare.cz\/?s={search_term_string}\"},\"query-input\":{\"@type\":\"PropertyValueSpecification\",\"valueRequired\":true,\"valueName\":\"search_term_string\"}}],\"inLanguage\":\"en-US\"}]}<\/script>\n<!-- \/ Yoast SEO plugin. -->","yoast_head_json":{"title":"Jind\u0159i\u0161ka Rajni\u0161ov\u00e1 - Ambicare","robots":{"index":"index","follow":"follow","max-snippet":"max-snippet:-1","max-image-preview":"max-image-preview:large","max-video-preview":"max-video-preview:-1"},"canonical":"https:\/\/ambicare.cz\/en\/our-doctors\/jindriska-rajnisova\/","og_locale":"en_US","og_type":"article","og_title":"Jind\u0159i\u0161ka Rajni\u0161ov\u00e1 - Ambicare","og_description":"MUDr. Jind\u0159i\u0161ka Rajni\u0161ov\u00e1Doctor of DermatologyEducation1979 graduation from the Faculty of General Medicine, Charles University1985\u00a0First degree specialisation in dermatology1990\u00a0Second degree specialisation in dermatologyProfessional experience1980\u20131993\u00a0consultant at the Department of Dermatology, University Hospital Kr\u00e1lovsk\u00e9 Vinohrady1994\u00a0self-employed individual \u2013 private dental practice at the Stamicova 21 polyclinic, Prague 6Make an appointment with a doctor","og_url":"https:\/\/ambicare.cz\/en\/our-doctors\/jindriska-rajnisova\/","og_site_name":"Ambicare","article_modified_time":"2024-12-19T14:38:48+00:00","twitter_card":"summary_large_image","twitter_misc":{"Est. reading time":"10 minutes"},"schema":{"@context":"https:\/\/schema.org","@graph":[{"@type":"WebPage","@id":"https:\/\/ambicare.cz\/en\/our-doctors\/jindriska-rajnisova\/","url":"https:\/\/ambicare.cz\/en\/our-doctors\/jindriska-rajnisova\/","name":"Jind\u0159i\u0161ka Rajni\u0161ov\u00e1 - Ambicare","isPartOf":{"@id":"https:\/\/ambicare.cz\/#website"},"datePublished":"2023-09-24T08:10:20+00:00","dateModified":"2024-12-19T14:38:48+00:00","breadcrumb":{"@id":"https:\/\/ambicare.cz\/en\/our-doctors\/jindriska-rajnisova\/#breadcrumb"},"inLanguage":"en-US","potentialAction":[{"@type":"ReadAction","target":["https:\/\/ambicare.cz\/en\/our-doctors\/jindriska-rajnisova\/"]}]},{"@type":"BreadcrumbList","@id":"https:\/\/ambicare.cz\/en\/our-doctors\/jindriska-rajnisova\/#breadcrumb","itemListElement":[{"@type":"ListItem","position":1,"name":"Dom\u016f","item":"https:\/\/ambicare.cz\/en\/"},{"@type":"ListItem","position":2,"name":"Our doctors","item":"https:\/\/ambicare.cz\/en\/our-doctors\/"},{"@type":"ListItem","position":3,"name":"Jind\u0159i\u0161ka Rajni\u0161ov\u00e1"}]},{"@type":"WebSite","@id":"https:\/\/ambicare.cz\/#website","url":"https:\/\/ambicare.cz\/","name":"Ambicare","description":"Ordinace odborn\u00fdch l\u00e9ka\u0159\u016f pod jednou st\u0159echou","potentialAction":[{"@type":"SearchAction","target":{"@type":"EntryPoint","urlTemplate":"https:\/\/ambicare.cz\/?s={search_term_string}"},"query-input":{"@type":"PropertyValueSpecification","valueRequired":true,"valueName":"search_term_string"}}],"inLanguage":"en-US"}]}},"_links":{"self":[{"href":"https:\/\/ambicare.cz\/en\/wp-json\/wp\/v2\/pages\/3172","targetHints":{"allow":["GET"]}}],"collection":[{"href":"https:\/\/ambicare.cz\/en\/wp-json\/wp\/v2\/pages"}],"about":[{"href":"https:\/\/ambicare.cz\/en\/wp-json\/wp\/v2\/types\/page"}],"author":[{"embeddable":true,"href":"https:\/\/ambicare.cz\/en\/wp-json\/wp\/v2\/users\/8"}],"replies":[{"embeddable":true,"href":"https:\/\/ambicare.cz\/en\/wp-json\/wp\/v2\/comments?post=3172"}],"version-history":[{"count":3,"href":"https:\/\/ambicare.cz\/en\/wp-json\/wp\/v2\/pages\/3172\/revisions"}],"predecessor-version":[{"id":3853,"href":"https:\/\/ambicare.cz\/en\/wp-json\/wp\/v2\/pages\/3172\/revisions\/3853"}],"up":[{"embeddable":true,"href":"https:\/\/ambicare.cz\/en\/wp-json\/wp\/v2\/pages\/3148"}],"wp:attachment":[{"href":"https:\/\/ambicare.cz\/en\/wp-json\/wp\/v2\/media?parent=3172"}],"curies":[{"name":"wp","href":"https:\/\/api.w.org\/{rel}","templated":true}]}}