{"id":3193,"date":"2023-09-19T04:18:48","date_gmt":"2023-09-19T04:18:48","guid":{"rendered":"https:\/\/ambicare.cz\/price-list-orthodontics\/"},"modified":"2026-01-07T13:50:11","modified_gmt":"2026-01-07T13:50:11","slug":"orthodontics","status":"publish","type":"page","link":"https:\/\/ambicare.cz\/en\/price-list\/orthodontics\/","title":{"rendered":"Price list, Orthodontics"},"content":{"rendered":"<p>[et_pb_section fb_built=&#8221;1&#8243; custom_padding_last_edited=&#8221;on|phone&#8221; _builder_version=&#8221;4.22.1&#8243; use_background_color_gradient=&#8221;on&#8221; background_color_gradient_stops=&#8221;rgba(42,61,96,0.71) 0%|rgba(42,61,96,0.71) 100%&#8221; background_color_gradient_overlays_image=&#8221;on&#8221; background_color_gradient_start=&#8221;rgba(42,61,96,0.71)&#8221; background_color_gradient_end=&#8221;rgba(42,61,96,0.71)&#8221; background_image=&#8221;https:\/\/ambicare.cz\/wp-content\/uploads\/2023\/09\/ortodoncie_ambicare.jpg&#8221; background_position=&#8221;top_center&#8221; background_vertical_offset=&#8221;64%&#8221; custom_padding=&#8221;100px||100px||true|false&#8221; custom_padding_tablet=&#8221;100px||100px||true|false&#8221; custom_padding_phone=&#8221;50px||50px||true|false&#8221; da_disable_devices=&#8221;off|off|off&#8221; locked=&#8221;off&#8221; global_colors_info=&#8221;{}&#8221; da_is_popup=&#8221;off&#8221; da_exit_intent=&#8221;off&#8221; da_has_close=&#8221;on&#8221; da_alt_close=&#8221;off&#8221; da_dark_close=&#8221;off&#8221; da_not_modal=&#8221;on&#8221; da_is_singular=&#8221;off&#8221; da_with_loader=&#8221;off&#8221; da_has_shadow=&#8221;on&#8221;][et_pb_row _builder_version=&#8221;4.16&#8243; global_colors_info=&#8221;{}&#8221;][et_pb_column type=&#8221;4_4&#8243; _builder_version=&#8221;4.16&#8243; global_colors_info=&#8221;{}&#8221;][et_pb_text _builder_version=&#8221;4.22.1&#8243; header_font=&#8221;||||||||&#8221; header_text_align=&#8221;center&#8221; header_text_color=&#8221;#ffffff&#8221; header_font_size=&#8221;50px&#8221; header_line_height=&#8221;1.3em&#8221; header_font_size_tablet=&#8221;40px&#8221; header_font_size_phone=&#8221;30px&#8221; header_font_size_last_edited=&#8221;on|phone&#8221; global_colors_info=&#8221;{}&#8221;]<\/p>\n<h1>Price list, Orthodontics<\/h1>\n<p>[\/et_pb_text][\/et_pb_column][\/et_pb_row][\/et_pb_section][et_pb_section fb_built=&#8221;1&#8243; _builder_version=&#8221;4.22.1&#8243; _module_preset=&#8221;default&#8221; custom_padding=&#8221;3px|||||&#8221; da_disable_devices=&#8221;off|off|off&#8221; global_colors_info=&#8221;{}&#8221; da_is_popup=&#8221;off&#8221; da_exit_intent=&#8221;off&#8221; da_has_close=&#8221;on&#8221; da_alt_close=&#8221;off&#8221; da_dark_close=&#8221;off&#8221; da_not_modal=&#8221;on&#8221; da_is_singular=&#8221;off&#8221; da_with_loader=&#8221;off&#8221; da_has_shadow=&#8221;on&#8221;][et_pb_row _builder_version=&#8221;4.22.1&#8243; _module_preset=&#8221;default&#8221; global_colors_info=&#8221;{}&#8221;][et_pb_column type=&#8221;4_4&#8243; _builder_version=&#8221;4.22.1&#8243; _module_preset=&#8221;default&#8221; global_colors_info=&#8221;{}&#8221;][et_pb_code module_id=&#8221;cenik-ortodoncie&#8221; _builder_version=&#8221;4.27.4&#8243; _module_preset=&#8221;default&#8221; custom_margin=&#8221;||50px|||&#8221; hover_enabled=&#8221;0&#8243; global_colors_info=&#8221;{}&#8221; sticky_enabled=&#8221;0&#8243;]<\/p>\n<style type=\"text\/css\"><!-- [et_pb_line_break_holder] -->.tg  {border-collapse:collapse;border-color:#9ABAD9;border-spacing:0;}<!-- [et_pb_line_break_holder] -->.tg td{background-color:#fff;border-color:#9ABAD9;border-style:solid;border-width:1px;color:#444;<!-- [et_pb_line_break_holder] -->  font-family:Arial, sans-serif;font-size:14px;overflow:hidden;padding:10px 5px;word-break:normal;}<!-- [et_pb_line_break_holder] -->.tg th{background-color:#2aaac9;border-color:#9ABAD9;border-style:solid;border-width:1px;color:#fff;<!-- [et_pb_line_break_holder] -->  font-family:Arial, sans-serif;font-size:14px;font-weight:normal;overflow:hidden;padding:10px 5px;word-break:normal;}<!-- [et_pb_line_break_holder] -->.tg .tg-kw6a{border-color:inherit;color:#ffffff;text-align:left;vertical-align:top}<!-- [et_pb_line_break_holder] -->.tg .tg-0pky{border-color:inherit;text-align:left;vertical-align:top}<!-- [et_pb_line_break_holder] -->.tg .tg-grey{background-color:#f9f9f9;border-color:inherit;text-align:left;vertical-align:top}  <!-- [et_pb_line_break_holder] --><\/style>\n<p><!-- [et_pb_line_break_holder] --><\/p>\n<table class=\"tg\"><!-- [et_pb_line_break_holder] --><\/p>\n<thead><!-- [et_pb_line_break_holder] -->  <\/p>\n<tr><!-- [et_pb_line_break_holder] -->    <\/p>\n<th class=\"tg-kw6a\">ORTHODONTIC PROCEDURES<\/th>\n<p>\u00a0<!-- [et_pb_line_break_holder] --><\/p>\n<th class=\"tg-kw6a\">PRICE<\/th>\n<p>\u00a0\u00a0 \u00a0<!-- [et_pb_line_break_holder] --> <\/tr>\n<p><!-- [et_pb_line_break_holder] --><\/thead>\n<p><!-- [et_pb_line_break_holder] --><\/p>\n<tbody><!-- [et_pb_line_break_holder] --><\/p>\n<tr><!-- [et_pb_line_break_holder] -->    <\/p>\n<td class=\"tg-0pky\">Orthodontic\u00a0consultation<\/td>\n<p><!-- [et_pb_line_break_holder] -->    <\/p>\n<td class=\"tg-0pky\">1,550 &#8211; 2,500 CZK<\/td>\n<p><!-- [et_pb_line_break_holder] --><\/tr>\n<p>\u00a0<!-- [et_pb_line_break_holder] --><\/p>\n<tr>\u00a0<!-- [et_pb_line_break_holder] --><\/p>\n<td class=\"tg-grey\">Fixed appliance price for one full jaw &#8211; metal braces<\/td>\n<p><!-- [et_pb_line_break_holder] --><\/p>\n<td class=\"tg-grey\">32,000 &#8211; 36,000 CZK<\/td>\n<p><!-- [et_pb_line_break_holder] --><\/tr>\n<p>\u00a0<!-- [et_pb_line_break_holder] -->  <\/p>\n<tr><!-- [et_pb_line_break_holder] --><\/p>\n<td class=\"tg-0pky\">Fixed appliance price for one full jaw &#8211; ceramic braces<\/td>\n<p><!-- [et_pb_line_break_holder] --><\/p>\n<td class=\"tg-0pky\">39,000 &#8211; 41,000 CZK<\/td>\n<p><!-- [et_pb_line_break_holder] -->  <\/tr>\n<p><!-- [et_pb_line_break_holder] -->  <\/p>\n<tr><!-- [et_pb_line_break_holder] -->    <\/p>\n<td class=\"tg-grey\">Removable appliances<\/td>\n<p><!-- [et_pb_line_break_holder] -->    <\/p>\n<td class=\"tg-grey\">3,000 &#8211; 8,000 CZK<\/td>\n<p><!-- [et_pb_line_break_holder] --><\/tr>\n<p>\u00a0<!-- [et_pb_line_break_holder] -->   <\/p>\n<tr><!-- [et_pb_line_break_holder] --><\/p>\n<td class=\"tg-0pky\">Invisalign foil braces (depending on the severity of the defect)<\/td>\n<td class=\"tg-0pky\">69,000 &#8211; 99,000 CZK<\/td>\n<p><!-- [et_pb_line_break_holder] -->  <\/tr>\n<p><!-- [et_pb_line_break_holder] -->    <\/p>\n<tr><!-- [et_pb_line_break_holder] --><\/p>\n<td class=\"tg-grey\">Unexcused visit fee<\/td>\n<p><!-- [et_pb_line_break_holder] --><\/p>\n<td class=\"tg-grey\">2,000 CZK<\/td>\n<p><!-- [et_pb_line_break_holder] -->  <\/tr>\n<p><!-- [et_pb_line_break_holder] --><\/tbody>\n<p><!-- [et_pb_line_break_holder] --><\/table>\n<p>[\/et_pb_code][et_pb_text _builder_version=&#8221;4.23.1&#8243; _module_preset=&#8221;default&#8221; text_font=&#8221;Arial||||||||&#8221; text_text_color=&#8221;#444444&#8243; header_font=&#8221;Arial||||||||&#8221; header_text_color=&#8221;#444444&#8243; custom_margin=&#8221;23px|||||&#8221; global_colors_info=&#8221;{}&#8221;]<\/p>\n<h4><span style=\"color: #000000;\"><strong>COVERAGE OF ORTHODONTIC TREATMENT FOR ADULT PATIENTS FROM 1 January 2022<\/strong><\/span><\/h4>\n<p><span style=\"color: #000000;\"><strong>As of 1 January 2022, health insurance companies have excluded adult patients (after reaching the age of 22) from coverage of orthodontic treatment.<\/strong> A patient older than 22 years receiving orthodontic treatment pays not only for the material consumed, but also for the procedure itself.<\/span><\/p>\n<p>[\/et_pb_text][\/et_pb_column][\/et_pb_row][\/et_pb_section]<\/p>\n","protected":false},"excerpt":{"rendered":"<p>Price list, OrthodonticsCOVERAGE OF ORTHODONTIC TREATMENT FOR ADULT PATIENTS FROM 1 January 2022 As of 1 January 2022, health insurance companies have excluded adult patients (after reaching the age of 22) from coverage of orthodontic treatment. A patient older than 22 years receiving orthodontic treatment pays not only for the material consumed, but also for [&hellip;]<\/p>\n","protected":false},"author":8,"featured_media":2731,"parent":2861,"menu_order":0,"comment_status":"closed","ping_status":"closed","template":"","meta":{"_et_pb_use_builder":"on","_et_pb_old_content":"","_et_gb_content_width":"","footnotes":""},"class_list":["post-3193","page","type-page","status-publish","has-post-thumbnail","hentry"],"yoast_head":"<!-- This site is optimized with the Yoast SEO plugin v26.7 - https:\/\/yoast.com\/wordpress\/plugins\/seo\/ -->\n<title>Price list, Orthodontics - Ambicare<\/title>\n<meta name=\"robots\" content=\"index, follow, max-snippet:-1, max-image-preview:large, max-video-preview:-1\" \/>\n<link rel=\"canonical\" href=\"https:\/\/ambicare.cz\/en\/price-list\/orthodontics\/\" \/>\n<meta property=\"og:locale\" content=\"en_US\" \/>\n<meta property=\"og:type\" content=\"article\" \/>\n<meta property=\"og:title\" content=\"Price list, Orthodontics - Ambicare\" \/>\n<meta property=\"og:description\" content=\"Price list, OrthodonticsCOVERAGE OF ORTHODONTIC TREATMENT FOR ADULT PATIENTS FROM 1 January 2022 As of 1 January 2022, health insurance companies have excluded adult patients (after reaching the age of 22) from coverage of orthodontic treatment. A patient older than 22 years receiving orthodontic treatment pays not only for the material consumed, but also for [&hellip;]\" \/>\n<meta property=\"og:url\" content=\"https:\/\/ambicare.cz\/en\/price-list\/orthodontics\/\" \/>\n<meta property=\"og:site_name\" content=\"Ambicare\" \/>\n<meta property=\"article:modified_time\" content=\"2026-01-07T13:50:11+00:00\" \/>\n<meta property=\"og:image\" content=\"https:\/\/ambicare.cz\/wp-content\/uploads\/2023\/09\/ortodoncie_ambicare.jpg\" \/>\n\t<meta property=\"og:image:width\" content=\"1000\" \/>\n\t<meta property=\"og:image:height\" content=\"667\" \/>\n\t<meta property=\"og:image:type\" content=\"image\/jpeg\" \/>\n<meta name=\"twitter:card\" content=\"summary_large_image\" \/>\n<meta name=\"twitter:label1\" content=\"Est. reading time\" \/>\n\t<meta name=\"twitter:data1\" content=\"2 minutes\" \/>\n<script type=\"application\/ld+json\" class=\"yoast-schema-graph\">{\"@context\":\"https:\/\/schema.org\",\"@graph\":[{\"@type\":\"WebPage\",\"@id\":\"https:\/\/ambicare.cz\/en\/price-list\/orthodontics\/\",\"url\":\"https:\/\/ambicare.cz\/en\/price-list\/orthodontics\/\",\"name\":\"Price list, Orthodontics - Ambicare\",\"isPartOf\":{\"@id\":\"https:\/\/ambicare.cz\/#website\"},\"primaryImageOfPage\":{\"@id\":\"https:\/\/ambicare.cz\/en\/price-list\/orthodontics\/#primaryimage\"},\"image\":{\"@id\":\"https:\/\/ambicare.cz\/en\/price-list\/orthodontics\/#primaryimage\"},\"thumbnailUrl\":\"https:\/\/ambicare.cz\/wp-content\/uploads\/2023\/09\/ortodoncie_ambicare.jpg\",\"datePublished\":\"2023-09-19T04:18:48+00:00\",\"dateModified\":\"2026-01-07T13:50:11+00:00\",\"breadcrumb\":{\"@id\":\"https:\/\/ambicare.cz\/en\/price-list\/orthodontics\/#breadcrumb\"},\"inLanguage\":\"en-US\",\"potentialAction\":[{\"@type\":\"ReadAction\",\"target\":[\"https:\/\/ambicare.cz\/en\/price-list\/orthodontics\/\"]}]},{\"@type\":\"ImageObject\",\"inLanguage\":\"en-US\",\"@id\":\"https:\/\/ambicare.cz\/en\/price-list\/orthodontics\/#primaryimage\",\"url\":\"https:\/\/ambicare.cz\/wp-content\/uploads\/2023\/09\/ortodoncie_ambicare.jpg\",\"contentUrl\":\"https:\/\/ambicare.cz\/wp-content\/uploads\/2023\/09\/ortodoncie_ambicare.jpg\",\"width\":1000,\"height\":667,\"caption\":\"Ortodoncie Ambicare\"},{\"@type\":\"BreadcrumbList\",\"@id\":\"https:\/\/ambicare.cz\/en\/price-list\/orthodontics\/#breadcrumb\",\"itemListElement\":[{\"@type\":\"ListItem\",\"position\":1,\"name\":\"Dom\u016f\",\"item\":\"https:\/\/ambicare.cz\/en\/\"},{\"@type\":\"ListItem\",\"position\":2,\"name\":\"Price list\",\"item\":\"https:\/\/ambicare.cz\/en\/price-list\/\"},{\"@type\":\"ListItem\",\"position\":3,\"name\":\"Price list, Orthodontics\"}]},{\"@type\":\"WebSite\",\"@id\":\"https:\/\/ambicare.cz\/#website\",\"url\":\"https:\/\/ambicare.cz\/\",\"name\":\"Ambicare\",\"description\":\"Ordinace odborn\u00fdch l\u00e9ka\u0159\u016f pod jednou st\u0159echou\",\"potentialAction\":[{\"@type\":\"SearchAction\",\"target\":{\"@type\":\"EntryPoint\",\"urlTemplate\":\"https:\/\/ambicare.cz\/?s={search_term_string}\"},\"query-input\":{\"@type\":\"PropertyValueSpecification\",\"valueRequired\":true,\"valueName\":\"search_term_string\"}}],\"inLanguage\":\"en-US\"}]}<\/script>\n<!-- \/ Yoast SEO plugin. -->","yoast_head_json":{"title":"Price list, Orthodontics - Ambicare","robots":{"index":"index","follow":"follow","max-snippet":"max-snippet:-1","max-image-preview":"max-image-preview:large","max-video-preview":"max-video-preview:-1"},"canonical":"https:\/\/ambicare.cz\/en\/price-list\/orthodontics\/","og_locale":"en_US","og_type":"article","og_title":"Price list, Orthodontics - Ambicare","og_description":"Price list, OrthodonticsCOVERAGE OF ORTHODONTIC TREATMENT FOR ADULT PATIENTS FROM 1 January 2022 As of 1 January 2022, health insurance companies have excluded adult patients (after reaching the age of 22) from coverage of orthodontic treatment. A patient older than 22 years receiving orthodontic treatment pays not only for the material consumed, but also for [&hellip;]","og_url":"https:\/\/ambicare.cz\/en\/price-list\/orthodontics\/","og_site_name":"Ambicare","article_modified_time":"2026-01-07T13:50:11+00:00","og_image":[{"width":1000,"height":667,"url":"https:\/\/ambicare.cz\/wp-content\/uploads\/2023\/09\/ortodoncie_ambicare.jpg","type":"image\/jpeg"}],"twitter_card":"summary_large_image","twitter_misc":{"Est. reading time":"2 minutes"},"schema":{"@context":"https:\/\/schema.org","@graph":[{"@type":"WebPage","@id":"https:\/\/ambicare.cz\/en\/price-list\/orthodontics\/","url":"https:\/\/ambicare.cz\/en\/price-list\/orthodontics\/","name":"Price list, Orthodontics - Ambicare","isPartOf":{"@id":"https:\/\/ambicare.cz\/#website"},"primaryImageOfPage":{"@id":"https:\/\/ambicare.cz\/en\/price-list\/orthodontics\/#primaryimage"},"image":{"@id":"https:\/\/ambicare.cz\/en\/price-list\/orthodontics\/#primaryimage"},"thumbnailUrl":"https:\/\/ambicare.cz\/wp-content\/uploads\/2023\/09\/ortodoncie_ambicare.jpg","datePublished":"2023-09-19T04:18:48+00:00","dateModified":"2026-01-07T13:50:11+00:00","breadcrumb":{"@id":"https:\/\/ambicare.cz\/en\/price-list\/orthodontics\/#breadcrumb"},"inLanguage":"en-US","potentialAction":[{"@type":"ReadAction","target":["https:\/\/ambicare.cz\/en\/price-list\/orthodontics\/"]}]},{"@type":"ImageObject","inLanguage":"en-US","@id":"https:\/\/ambicare.cz\/en\/price-list\/orthodontics\/#primaryimage","url":"https:\/\/ambicare.cz\/wp-content\/uploads\/2023\/09\/ortodoncie_ambicare.jpg","contentUrl":"https:\/\/ambicare.cz\/wp-content\/uploads\/2023\/09\/ortodoncie_ambicare.jpg","width":1000,"height":667,"caption":"Ortodoncie Ambicare"},{"@type":"BreadcrumbList","@id":"https:\/\/ambicare.cz\/en\/price-list\/orthodontics\/#breadcrumb","itemListElement":[{"@type":"ListItem","position":1,"name":"Dom\u016f","item":"https:\/\/ambicare.cz\/en\/"},{"@type":"ListItem","position":2,"name":"Price list","item":"https:\/\/ambicare.cz\/en\/price-list\/"},{"@type":"ListItem","position":3,"name":"Price list, Orthodontics"}]},{"@type":"WebSite","@id":"https:\/\/ambicare.cz\/#website","url":"https:\/\/ambicare.cz\/","name":"Ambicare","description":"Ordinace odborn\u00fdch l\u00e9ka\u0159\u016f pod jednou st\u0159echou","potentialAction":[{"@type":"SearchAction","target":{"@type":"EntryPoint","urlTemplate":"https:\/\/ambicare.cz\/?s={search_term_string}"},"query-input":{"@type":"PropertyValueSpecification","valueRequired":true,"valueName":"search_term_string"}}],"inLanguage":"en-US"}]}},"_links":{"self":[{"href":"https:\/\/ambicare.cz\/en\/wp-json\/wp\/v2\/pages\/3193","targetHints":{"allow":["GET"]}}],"collection":[{"href":"https:\/\/ambicare.cz\/en\/wp-json\/wp\/v2\/pages"}],"about":[{"href":"https:\/\/ambicare.cz\/en\/wp-json\/wp\/v2\/types\/page"}],"author":[{"embeddable":true,"href":"https:\/\/ambicare.cz\/en\/wp-json\/wp\/v2\/users\/8"}],"replies":[{"embeddable":true,"href":"https:\/\/ambicare.cz\/en\/wp-json\/wp\/v2\/comments?post=3193"}],"version-history":[{"count":5,"href":"https:\/\/ambicare.cz\/en\/wp-json\/wp\/v2\/pages\/3193\/revisions"}],"predecessor-version":[{"id":4334,"href":"https:\/\/ambicare.cz\/en\/wp-json\/wp\/v2\/pages\/3193\/revisions\/4334"}],"up":[{"embeddable":true,"href":"https:\/\/ambicare.cz\/en\/wp-json\/wp\/v2\/pages\/2861"}],"wp:featuredmedia":[{"embeddable":true,"href":"https:\/\/ambicare.cz\/en\/wp-json\/wp\/v2\/media\/2731"}],"wp:attachment":[{"href":"https:\/\/ambicare.cz\/en\/wp-json\/wp\/v2\/media?parent=3193"}],"curies":[{"name":"wp","href":"https:\/\/api.w.org\/{rel}","templated":true}]}}