{"id":3199,"date":"2023-08-24T12:49:22","date_gmt":"2023-08-24T12:49:22","guid":{"rendered":"https:\/\/ambicare.cz\/dermatology-price-list\/"},"modified":"2024-12-22T10:42:41","modified_gmt":"2024-12-22T10:42:41","slug":"dermatology","status":"publish","type":"page","link":"https:\/\/ambicare.cz\/en\/price-list\/dermatology\/","title":{"rendered":"Dermatology price list"},"content":{"rendered":"<p>[et_pb_section fb_built=&#8221;1&#8243; custom_padding_last_edited=&#8221;on|phone&#8221; _builder_version=&#8221;4.22.1&#8243; use_background_color_gradient=&#8221;on&#8221; background_color_gradient_stops=&#8221;rgba(42,61,96,0.71) 0%|rgba(42,61,96,0.71) 100%&#8221; background_color_gradient_overlays_image=&#8221;on&#8221; background_color_gradient_start=&#8221;rgba(42,61,96,0.71)&#8221; background_color_gradient_end=&#8221;rgba(42,61,96,0.71)&#8221; background_image=&#8221;https:\/\/ambicare.cz\/wp-content\/uploads\/2023\/08\/dermatologie.jpg&#8221; background_position=&#8221;top_center&#8221; background_vertical_offset=&#8221;42%&#8221; custom_padding=&#8221;100px||100px||true|false&#8221; custom_padding_tablet=&#8221;100px||100px||true|false&#8221; custom_padding_phone=&#8221;50px||50px||true|false&#8221; da_disable_devices=&#8221;off|off|off&#8221; locked=&#8221;off&#8221; global_colors_info=&#8221;{}&#8221; da_is_popup=&#8221;off&#8221; da_exit_intent=&#8221;off&#8221; da_has_close=&#8221;on&#8221; da_alt_close=&#8221;off&#8221; da_dark_close=&#8221;off&#8221; da_not_modal=&#8221;on&#8221; da_is_singular=&#8221;off&#8221; da_with_loader=&#8221;off&#8221; da_has_shadow=&#8221;on&#8221;][et_pb_row _builder_version=&#8221;4.16&#8243; global_colors_info=&#8221;{}&#8221;][et_pb_column type=&#8221;4_4&#8243; _builder_version=&#8221;4.16&#8243; global_colors_info=&#8221;{}&#8221;][et_pb_text _builder_version=&#8221;4.22.1&#8243; header_font=&#8221;||||||||&#8221; header_text_align=&#8221;center&#8221; header_text_color=&#8221;#ffffff&#8221; header_font_size=&#8221;50px&#8221; header_line_height=&#8221;1.3em&#8221; header_font_size_tablet=&#8221;40px&#8221; header_font_size_phone=&#8221;30px&#8221; header_font_size_last_edited=&#8221;on|phone&#8221; global_colors_info=&#8221;{}&#8221;]<\/p>\n<h1>Dermatology price list<\/h1>\n<p>[\/et_pb_text][\/et_pb_column][\/et_pb_row][\/et_pb_section][et_pb_section fb_built=&#8221;1&#8243; _builder_version=&#8221;4.22.1&#8243; _module_preset=&#8221;default&#8221; custom_padding=&#8221;3px|||||&#8221; da_disable_devices=&#8221;off|off|off&#8221; global_colors_info=&#8221;{}&#8221; da_is_popup=&#8221;off&#8221; da_exit_intent=&#8221;off&#8221; da_has_close=&#8221;on&#8221; da_alt_close=&#8221;off&#8221; da_dark_close=&#8221;off&#8221; da_not_modal=&#8221;on&#8221; da_is_singular=&#8221;off&#8221; da_with_loader=&#8221;off&#8221; da_has_shadow=&#8221;on&#8221;][et_pb_row _builder_version=&#8221;4.22.1&#8243; _module_preset=&#8221;default&#8221; global_colors_info=&#8221;{}&#8221;][et_pb_column type=&#8221;4_4&#8243; _builder_version=&#8221;4.22.1&#8243; _module_preset=&#8221;default&#8221; global_colors_info=&#8221;{}&#8221;][et_pb_text _builder_version=&#8221;4.22.1&#8243; _module_preset=&#8221;default&#8221; custom_margin=&#8221;||9px|||&#8221; global_colors_info=&#8221;{}&#8221;]<\/p>\n<h2>Ambicare dermatology price list Prague 4 and Prague 6<\/h2>\n<p>[\/et_pb_text][et_pb_code _builder_version=&#8221;4.27.3&#8243; _module_preset=&#8221;default&#8221; custom_margin=&#8221;||40px|||&#8221; hover_enabled=&#8221;0&#8243; global_colors_info=&#8221;{}&#8221; sticky_enabled=&#8221;0&#8243;]<!DOCTYPE html><!-- [et_pb_line_break_holder] --><html><!-- [et_pb_line_break_holder] --><head><!-- [et_pb_line_break_holder] --><\/p>\n<style type=\"text\/css\"><!-- [et_pb_line_break_holder] -->  .tg  {border-collapse:collapse;border-color:#9ABAD9;border-spacing:0;}<!-- [et_pb_line_break_holder] -->  .tg td{background-color:#fff;border-color:#9ABAD9;border-style:solid;border-width:1px;color:#444;<!-- [et_pb_line_break_holder] -->    font-family:Arial, sans-serif;font-size:14px;overflow:hidden;padding:10px 5px;word-break:normal;}<!-- [et_pb_line_break_holder] -->  .tg th{background-color:#2aaac9;border-color:#9ABAD9;border-style:solid;border-width:1px;color:#fff;<!-- [et_pb_line_break_holder] -->    font-family:Arial, sans-serif;font-size:14px;font-weight:normal;overflow:hidden;padding:10px 5px;word-break:normal;}<!-- [et_pb_line_break_holder] -->  .tg .tg-kw6a{border-color:inherit;color:#ffffff;text-align:left;vertical-align:top}<!-- [et_pb_line_break_holder] -->  .tg .tg-0pky{border-color:inherit;text-align:left;vertical-align:top}<!-- [et_pb_line_break_holder] -->  .tg .tg-grey{background-color:#f9f9f9;border-color:inherit;text-align:left;vertical-align:top}  <!-- [et_pb_line_break_holder] --><\/style>\n<p><!-- [et_pb_line_break_holder] --><meta charset=\"UTF-8\"\/><!-- [et_pb_line_break_holder] --><\/head><!-- [et_pb_line_break_holder] --><body><!-- [et_pb_line_break_holder] --><!-- [et_pb_line_break_holder] --><\/p>\n<table class=\"tg\"><!-- [et_pb_line_break_holder] -->  <\/p>\n<tr><!-- [et_pb_line_break_holder] -->    <\/p>\n<th class=\"tg-kw6a\">DERMATOLOGICAL PROCEDURES<\/th>\n<p><!-- [et_pb_line_break_holder] -->    <\/p>\n<th class=\"tg-kw6a\">PRICE<\/th>\n<p><!-- [et_pb_line_break_holder] -->  <\/tr>\n<p><!-- [et_pb_line_break_holder] -->  <\/p>\n<tr><!-- [et_pb_line_break_holder] -->    <\/p>\n<td class=\"tg-0pky\">Initial examination of an uninsured patient<\/td>\n<p><!-- [et_pb_line_break_holder] -->    <\/p>\n<td class=\"tg-0pky\">3,000 CZK<\/td>\n<p><!-- [et_pb_line_break_holder] -->  <\/tr>\n<p><!-- [et_pb_line_break_holder] -->  <\/p>\n<tr><!-- [et_pb_line_break_holder] -->    <\/p>\n<td class=\"tg-grey\">Follow-up examination of an uninsured patient<\/td>\n<p><!-- [et_pb_line_break_holder] -->    <\/p>\n<td class=\"tg-grey\">2,200 CZK<\/td>\n<p><!-- [et_pb_line_break_holder] -->  <\/tr>\n<p><!-- [et_pb_line_break_holder] -->  <\/p>\n<tr><!-- [et_pb_line_break_holder] -->    <\/p>\n<td class=\"tg-0pky\">Examination of moles using a digital dermatoscope (on request for uninsured patients)<\/td>\n<p><!-- [et_pb_line_break_holder] -->    <\/p>\n<td class=\"tg-0pky\">1,800 CZK<\/td>\n<p><!-- [et_pb_line_break_holder] -->  <\/tr>\n<p><!-- [et_pb_line_break_holder] -->  <\/p>\n<tr><!-- [et_pb_line_break_holder] -->    <\/p>\n<td class=\"tg-grey\">Consultation \u2013 aesthetic procedure<\/td>\n<p><!-- [et_pb_line_break_holder] -->    <\/p>\n<td class=\"tg-grey\">0 CZK<\/td>\n<p><!-- [et_pb_line_break_holder] -->  <\/tr>\n<p><!-- [et_pb_line_break_holder] -->  <\/p>\n<tr><!-- [et_pb_line_break_holder] -->    <\/p>\n<td class=\"tg-0pky\">Extraordinary personal consultation (outside surgery hours)<\/td>\n<p><!-- [et_pb_line_break_holder] -->    <\/p>\n<td class=\"tg-0pky\">5,000 CZK<\/td>\n<p><!-- [et_pb_line_break_holder] -->  <\/tr>\n<p><!-- [et_pb_line_break_holder] -->  <\/p>\n<tr><!-- [et_pb_line_break_holder] -->    <\/p>\n<td class=\"tg-grey\">Examination (consultation in German or English for an uninsured patient)<\/td>\n<p><!-- [et_pb_line_break_holder] -->    <\/p>\n<td class=\"tg-grey\">3,000 CZK<\/td>\n<p><!-- [et_pb_line_break_holder] -->  <\/tr>\n<p><!-- [et_pb_line_break_holder] -->  <\/p>\n<tr><!-- [et_pb_line_break_holder] -->    <\/p>\n<td class=\"tg-0pky\">Botulinum toxin application: treatment<\/td>\n<p><!-- [et_pb_line_break_holder] -->    <\/p>\n<td class=\"tg-0pky\">4,200 to 8,900 CZK<\/td>\n<p><!-- [et_pb_line_break_holder] -->  <\/tr>\n<p><!-- [et_pb_line_break_holder] -->  <\/p>\n<tr><!-- [et_pb_line_break_holder] -->    <\/p>\n<td class=\"tg-grey\">Botulinum toxin application: hyperhidrosis: faces, palms<\/td>\n<p><!-- [et_pb_line_break_holder] -->    <\/p>\n<td class=\"tg-grey\">13,000 to 25,000 CZK<\/td>\n<p><!-- [et_pb_line_break_holder] -->  <\/tr>\n<p><!-- [et_pb_line_break_holder] -->  <\/p>\n<tr><!-- [et_pb_line_break_holder] -->    <\/p>\n<td class=\"tg-0pky\">Skin excision without histology up to 2 cm<\/td>\n<p><!-- [et_pb_line_break_holder] -->    <\/p>\n<td class=\"tg-0pky\">2,260 CZK<\/td>\n<p><!-- [et_pb_line_break_holder] -->  <\/tr>\n<p><!-- [et_pb_line_break_holder] -->  <\/p>\n<tr><!-- [et_pb_line_break_holder] -->    <\/p>\n<td class=\"tg-grey\">Skin excision without histology over 2 cm<\/td>\n<p><!-- [et_pb_line_break_holder] -->    <\/p>\n<td class=\"tg-grey\">3,500 to 4,700 CZK<\/td>\n<p><!-- [et_pb_line_break_holder] -->  <\/tr>\n<p><!-- [et_pb_line_break_holder] -->  <\/p>\n<tr><!-- [et_pb_line_break_holder] -->    <\/p>\n<td class=\"tg-0pky\">Histological examination<\/td>\n<p><!-- [et_pb_line_break_holder] -->    <\/p>\n<td class=\"tg-0pky\">1,500 CZK<\/td>\n<p><!-- [et_pb_line_break_holder] -->  <\/tr>\n<p><!-- [et_pb_line_break_holder] -->  <\/p>\n<tr><!-- [et_pb_line_break_holder] -->    <\/p>\n<td class=\"tg-grey\">Lipoma extirpation<\/td>\n<p><!-- [et_pb_line_break_holder] -->    <\/p>\n<td class=\"tg-grey\">1,950 to 3,750 CZK<\/td>\n<p><!-- [et_pb_line_break_holder] -->  <\/tr>\n<p><!-- [et_pb_line_break_holder] -->  <\/p>\n<tr><!-- [et_pb_line_break_holder] -->    <\/p>\n<td class=\"tg-0pky\">Surface anaesthesia (EMLA) depending on the area, from 5 g<\/td>\n<p><!-- [et_pb_line_break_holder] -->    <\/p>\n<td class=\"tg-0pky\">750 to 1,350 CZK<\/td>\n<p><!-- [et_pb_line_break_holder] -->  <\/tr>\n<p><!-- [et_pb_line_break_holder] -->  <\/p>\n<tr><!-- [et_pb_line_break_holder] -->    <\/p>\n<td class=\"tg-grey\">Removal of one skin growth using a cautery (1-2 mm)<\/td>\n<p><!-- [et_pb_line_break_holder] -->    <\/p>\n<td class=\"tg-grey\">700 to 1,050 CZK<\/td>\n<p><!-- [et_pb_line_break_holder] -->  <\/tr>\n<p><!-- [et_pb_line_break_holder] -->  <\/p>\n<tr><!-- [et_pb_line_break_holder] -->    <\/p>\n<td class=\"tg-0pky\">Removal of one skin growth using a cautery (over 2\u00a0mm)<\/td>\n<p><!-- [et_pb_line_break_holder] -->    <\/p>\n<td class=\"tg-0pky\">1,350 to 2,400 CZK<\/td>\n<p><!-- [et_pb_line_break_holder] -->  <\/tr>\n<p><!-- [et_pb_line_break_holder] -->  <\/p>\n<tr><!-- [et_pb_line_break_holder] -->    <\/p>\n<td class=\"tg-grey\">Laser (one lesion) according to the extent\/character of the lesion<\/td>\n<p><!-- [et_pb_line_break_holder] -->    <\/p>\n<td class=\"tg-grey\">1,950 to 6,400 CZK<\/td>\n<p><!-- [et_pb_line_break_holder] -->  <\/tr>\n<p><!-- [et_pb_line_break_holder] -->  <\/p>\n<tr><!-- [et_pb_line_break_holder] -->    <\/p>\n<td class=\"tg-0pky\">Laser fraction according to range 1x manifestation<\/td>\n<p><!-- [et_pb_line_break_holder] -->    <\/p>\n<td class=\"tg-0pky\">1,350 CZK<\/td>\n<p><!-- [et_pb_line_break_holder] -->  <\/tr>\n<p><!-- [et_pb_line_break_holder] -->  <\/p>\n<tr><!-- [et_pb_line_break_holder] -->    <\/p>\n<td class=\"tg-grey\">Mesotherapy of hair according to the extent<\/td>\n<p><!-- [et_pb_line_break_holder] -->    <\/p>\n<td class=\"tg-grey\">2,500 to 4,650 CZK<\/td>\n<p><!-- [et_pb_line_break_holder] -->  <\/tr>\n<p><!-- [et_pb_line_break_holder] -->  <\/p>\n<tr><!-- [et_pb_line_break_holder] -->    <\/p>\n<td class=\"tg-0pky\">Peeling<\/td>\n<p><!-- [et_pb_line_break_holder] -->    <\/p>\n<td class=\"tg-0pky\">1,950 to 3,500 CZK<\/td>\n<p><!-- [et_pb_line_break_holder] -->  <\/tr>\n<p><!-- [et_pb_line_break_holder] -->  <\/p>\n<tr><!-- [et_pb_line_break_holder] -->    <\/p>\n<td class=\"tg-grey\">Annual fee for the use of premium services<\/td>\n<p><!-- [et_pb_line_break_holder] -->    <\/p>\n<td class=\"tg-grey\">1,600 CZK<\/td>\n<p><!-- [et_pb_line_break_holder] -->  <\/tr>\n<p><!-- [et_pb_line_break_holder] -->  <\/p>\n<tr><!-- [et_pb_line_break_holder] -->    <\/p>\n<td class=\"tg-0pky\">Venereology<\/td>\n<p><!-- [et_pb_line_break_holder] -->    <\/p>\n<td class=\"tg-0pky\">3,000 to 6,500 CZK<!-- [et_pb_line_break_holder] -->    <\/tr>\n<p><!-- [et_pb_line_break_holder] -->  <\/p>\n<tr><!-- [et_pb_line_break_holder] -->    <\/p>\n<td class=\"tg-0pky\">Excochleation according to extent and quantity<\/td>\n<p><!-- [et_pb_line_break_holder] -->    <\/p>\n<td class=\"tg-0pky\">900 to 4,000 CZK<\/td>\n<p><!-- [et_pb_line_break_holder] -->  <\/tr>\n<p><!-- [et_pb_line_break_holder] -->  <\/p>\n<tr><!-- [et_pb_line_break_holder] -->    <\/p>\n<td class=\"tg-grey\">Hair cryotherapy to promote hair growth (10 sessions)<\/td>\n<p><!-- [et_pb_line_break_holder] -->    <\/p>\n<td class=\"tg-grey\">3,400 CZK<\/td>\n<p><!-- [et_pb_line_break_holder] -->  <\/tr>\n<p><!-- [et_pb_line_break_holder] -->  <\/p>\n<tr><!-- [et_pb_line_break_holder] -->    <\/p>\n<td class=\"tg-0pky\">Aliaxin fillers<\/td>\n<p><!-- [et_pb_line_break_holder] -->    <\/p>\n<td class=\"tg-0pky\">6,450 to 8,000 CZK<\/td>\n<p><!-- [et_pb_line_break_holder] -->  <\/tr>\n<p><!-- [et_pb_line_break_holder] -->  <\/p>\n<tr><!-- [et_pb_line_break_holder] -->    <\/p>\n<td class=\"tg-grey\">Profhilo<\/td>\n<p><!-- [et_pb_line_break_holder] -->    <\/p>\n<td class=\"tg-grey\">7,500 CZK<\/td>\n<p><!-- [et_pb_line_break_holder] -->  <\/tr>\n<p><!-- [et_pb_line_break_holder] -->  <\/p>\n<tr><!-- [et_pb_line_break_holder] -->    <\/p>\n<td class=\"tg-0pky\">Carboxytherapy (10 sessions \u2013 hair)<\/td>\n<p><!-- [et_pb_line_break_holder] -->    <\/p>\n<td class=\"tg-0pky\">8,900 CZK<\/td>\n<p><!-- [et_pb_line_break_holder] -->  <\/tr>\n<p><!-- [et_pb_line_break_holder] -->  <\/p>\n<tr><!-- [et_pb_line_break_holder] -->    <\/p>\n<td class=\"tg-grey\">Carboxytherapy (1 session \u2013 other indications)<\/td>\n<p><!-- [et_pb_line_break_holder] -->    <\/p>\n<td class=\"tg-grey\">1,050 CZK<\/td>\n<p><!-- [et_pb_line_break_holder] -->  <\/tr>\n<p><!-- [et_pb_line_break_holder] -->  <\/p>\n<tr><!-- [et_pb_line_break_holder] -->    <\/p>\n<td class=\"tg-0pky\">Intralesional corticosteroid injection<\/td>\n<p><!-- [et_pb_line_break_holder] -->    <\/p>\n<td class=\"tg-0pky\">850 CZK<\/td>\n<p><!-- [et_pb_line_break_holder] -->  <\/tr>\n<p><!-- [et_pb_line_break_holder] --><\/table>\n<p><!-- [et_pb_line_break_holder] --><!-- [et_pb_line_break_holder] --><\/body><!-- [et_pb_line_break_holder] --><\/html><!-- [et_pb_line_break_holder] -->[\/et_pb_code][\/et_pb_column][\/et_pb_row][\/et_pb_section]<\/p>\n","protected":false},"excerpt":{"rendered":"<p>Dermatology price listAmbicare dermatology price list Prague 4 and Prague 6<\/p>\n","protected":false},"author":8,"featured_media":2692,"parent":2861,"menu_order":0,"comment_status":"closed","ping_status":"closed","template":"","meta":{"_et_pb_use_builder":"on","_et_pb_old_content":"","_et_gb_content_width":"","footnotes":""},"class_list":["post-3199","page","type-page","status-publish","has-post-thumbnail","hentry"],"yoast_head":"<!-- This site is optimized with the Yoast SEO plugin v26.7 - https:\/\/yoast.com\/wordpress\/plugins\/seo\/ -->\n<title>Dermatology price list - Ambicare<\/title>\n<meta name=\"robots\" content=\"index, follow, max-snippet:-1, max-image-preview:large, max-video-preview:-1\" \/>\n<link rel=\"canonical\" href=\"https:\/\/ambicare.cz\/en\/price-list\/dermatology\/\" \/>\n<meta property=\"og:locale\" content=\"en_US\" \/>\n<meta property=\"og:type\" content=\"article\" \/>\n<meta property=\"og:title\" content=\"Dermatology price list - Ambicare\" \/>\n<meta property=\"og:description\" content=\"Dermatology price listAmbicare dermatology price list Prague 4 and Prague 6\" \/>\n<meta property=\"og:url\" content=\"https:\/\/ambicare.cz\/en\/price-list\/dermatology\/\" \/>\n<meta property=\"og:site_name\" content=\"Ambicare\" \/>\n<meta property=\"article:modified_time\" content=\"2024-12-22T10:42:41+00:00\" \/>\n<meta property=\"og:image\" content=\"https:\/\/ambicare.cz\/wp-content\/uploads\/2023\/08\/stomatologie_ambicare_praha_4.jpg\" \/>\n\t<meta property=\"og:image:width\" content=\"1000\" \/>\n\t<meta property=\"og:image:height\" content=\"667\" \/>\n\t<meta property=\"og:image:type\" content=\"image\/jpeg\" \/>\n<meta name=\"twitter:card\" content=\"summary_large_image\" \/>\n<meta name=\"twitter:label1\" content=\"Est. reading time\" \/>\n\t<meta name=\"twitter:data1\" content=\"3 minutes\" \/>\n<script type=\"application\/ld+json\" class=\"yoast-schema-graph\">{\"@context\":\"https:\/\/schema.org\",\"@graph\":[{\"@type\":\"WebPage\",\"@id\":\"https:\/\/ambicare.cz\/en\/price-list\/dermatology\/\",\"url\":\"https:\/\/ambicare.cz\/en\/price-list\/dermatology\/\",\"name\":\"Dermatology price list - Ambicare\",\"isPartOf\":{\"@id\":\"https:\/\/ambicare.cz\/#website\"},\"primaryImageOfPage\":{\"@id\":\"https:\/\/ambicare.cz\/en\/price-list\/dermatology\/#primaryimage\"},\"image\":{\"@id\":\"https:\/\/ambicare.cz\/en\/price-list\/dermatology\/#primaryimage\"},\"thumbnailUrl\":\"https:\/\/ambicare.cz\/wp-content\/uploads\/2023\/08\/stomatologie_ambicare_praha_4.jpg\",\"datePublished\":\"2023-08-24T12:49:22+00:00\",\"dateModified\":\"2024-12-22T10:42:41+00:00\",\"breadcrumb\":{\"@id\":\"https:\/\/ambicare.cz\/en\/price-list\/dermatology\/#breadcrumb\"},\"inLanguage\":\"en-US\",\"potentialAction\":[{\"@type\":\"ReadAction\",\"target\":[\"https:\/\/ambicare.cz\/en\/price-list\/dermatology\/\"]}]},{\"@type\":\"ImageObject\",\"inLanguage\":\"en-US\",\"@id\":\"https:\/\/ambicare.cz\/en\/price-list\/dermatology\/#primaryimage\",\"url\":\"https:\/\/ambicare.cz\/wp-content\/uploads\/2023\/08\/stomatologie_ambicare_praha_4.jpg\",\"contentUrl\":\"https:\/\/ambicare.cz\/wp-content\/uploads\/2023\/08\/stomatologie_ambicare_praha_4.jpg\",\"width\":1000,\"height\":667,\"caption\":\"Stomatologie Ambicare Praha 4\"},{\"@type\":\"BreadcrumbList\",\"@id\":\"https:\/\/ambicare.cz\/en\/price-list\/dermatology\/#breadcrumb\",\"itemListElement\":[{\"@type\":\"ListItem\",\"position\":1,\"name\":\"Dom\u016f\",\"item\":\"https:\/\/ambicare.cz\/en\/\"},{\"@type\":\"ListItem\",\"position\":2,\"name\":\"Price list\",\"item\":\"https:\/\/ambicare.cz\/en\/price-list\/\"},{\"@type\":\"ListItem\",\"position\":3,\"name\":\"Dermatology price list\"}]},{\"@type\":\"WebSite\",\"@id\":\"https:\/\/ambicare.cz\/#website\",\"url\":\"https:\/\/ambicare.cz\/\",\"name\":\"Ambicare\",\"description\":\"Ordinace odborn\u00fdch l\u00e9ka\u0159\u016f pod jednou st\u0159echou\",\"potentialAction\":[{\"@type\":\"SearchAction\",\"target\":{\"@type\":\"EntryPoint\",\"urlTemplate\":\"https:\/\/ambicare.cz\/?s={search_term_string}\"},\"query-input\":{\"@type\":\"PropertyValueSpecification\",\"valueRequired\":true,\"valueName\":\"search_term_string\"}}],\"inLanguage\":\"en-US\"}]}<\/script>\n<!-- \/ Yoast SEO plugin. -->","yoast_head_json":{"title":"Dermatology price list - Ambicare","robots":{"index":"index","follow":"follow","max-snippet":"max-snippet:-1","max-image-preview":"max-image-preview:large","max-video-preview":"max-video-preview:-1"},"canonical":"https:\/\/ambicare.cz\/en\/price-list\/dermatology\/","og_locale":"en_US","og_type":"article","og_title":"Dermatology price list - Ambicare","og_description":"Dermatology price listAmbicare dermatology price list Prague 4 and Prague 6","og_url":"https:\/\/ambicare.cz\/en\/price-list\/dermatology\/","og_site_name":"Ambicare","article_modified_time":"2024-12-22T10:42:41+00:00","og_image":[{"width":1000,"height":667,"url":"https:\/\/ambicare.cz\/wp-content\/uploads\/2023\/08\/stomatologie_ambicare_praha_4.jpg","type":"image\/jpeg"}],"twitter_card":"summary_large_image","twitter_misc":{"Est. reading time":"3 minutes"},"schema":{"@context":"https:\/\/schema.org","@graph":[{"@type":"WebPage","@id":"https:\/\/ambicare.cz\/en\/price-list\/dermatology\/","url":"https:\/\/ambicare.cz\/en\/price-list\/dermatology\/","name":"Dermatology price list - Ambicare","isPartOf":{"@id":"https:\/\/ambicare.cz\/#website"},"primaryImageOfPage":{"@id":"https:\/\/ambicare.cz\/en\/price-list\/dermatology\/#primaryimage"},"image":{"@id":"https:\/\/ambicare.cz\/en\/price-list\/dermatology\/#primaryimage"},"thumbnailUrl":"https:\/\/ambicare.cz\/wp-content\/uploads\/2023\/08\/stomatologie_ambicare_praha_4.jpg","datePublished":"2023-08-24T12:49:22+00:00","dateModified":"2024-12-22T10:42:41+00:00","breadcrumb":{"@id":"https:\/\/ambicare.cz\/en\/price-list\/dermatology\/#breadcrumb"},"inLanguage":"en-US","potentialAction":[{"@type":"ReadAction","target":["https:\/\/ambicare.cz\/en\/price-list\/dermatology\/"]}]},{"@type":"ImageObject","inLanguage":"en-US","@id":"https:\/\/ambicare.cz\/en\/price-list\/dermatology\/#primaryimage","url":"https:\/\/ambicare.cz\/wp-content\/uploads\/2023\/08\/stomatologie_ambicare_praha_4.jpg","contentUrl":"https:\/\/ambicare.cz\/wp-content\/uploads\/2023\/08\/stomatologie_ambicare_praha_4.jpg","width":1000,"height":667,"caption":"Stomatologie Ambicare Praha 4"},{"@type":"BreadcrumbList","@id":"https:\/\/ambicare.cz\/en\/price-list\/dermatology\/#breadcrumb","itemListElement":[{"@type":"ListItem","position":1,"name":"Dom\u016f","item":"https:\/\/ambicare.cz\/en\/"},{"@type":"ListItem","position":2,"name":"Price list","item":"https:\/\/ambicare.cz\/en\/price-list\/"},{"@type":"ListItem","position":3,"name":"Dermatology price list"}]},{"@type":"WebSite","@id":"https:\/\/ambicare.cz\/#website","url":"https:\/\/ambicare.cz\/","name":"Ambicare","description":"Ordinace odborn\u00fdch l\u00e9ka\u0159\u016f pod jednou st\u0159echou","potentialAction":[{"@type":"SearchAction","target":{"@type":"EntryPoint","urlTemplate":"https:\/\/ambicare.cz\/?s={search_term_string}"},"query-input":{"@type":"PropertyValueSpecification","valueRequired":true,"valueName":"search_term_string"}}],"inLanguage":"en-US"}]}},"_links":{"self":[{"href":"https:\/\/ambicare.cz\/en\/wp-json\/wp\/v2\/pages\/3199","targetHints":{"allow":["GET"]}}],"collection":[{"href":"https:\/\/ambicare.cz\/en\/wp-json\/wp\/v2\/pages"}],"about":[{"href":"https:\/\/ambicare.cz\/en\/wp-json\/wp\/v2\/types\/page"}],"author":[{"embeddable":true,"href":"https:\/\/ambicare.cz\/en\/wp-json\/wp\/v2\/users\/8"}],"replies":[{"embeddable":true,"href":"https:\/\/ambicare.cz\/en\/wp-json\/wp\/v2\/comments?post=3199"}],"version-history":[{"count":4,"href":"https:\/\/ambicare.cz\/en\/wp-json\/wp\/v2\/pages\/3199\/revisions"}],"predecessor-version":[{"id":3966,"href":"https:\/\/ambicare.cz\/en\/wp-json\/wp\/v2\/pages\/3199\/revisions\/3966"}],"up":[{"embeddable":true,"href":"https:\/\/ambicare.cz\/en\/wp-json\/wp\/v2\/pages\/2861"}],"wp:featuredmedia":[{"embeddable":true,"href":"https:\/\/ambicare.cz\/en\/wp-json\/wp\/v2\/media\/2692"}],"wp:attachment":[{"href":"https:\/\/ambicare.cz\/en\/wp-json\/wp\/v2\/media?parent=3199"}],"curies":[{"name":"wp","href":"https:\/\/api.w.org\/{rel}","templated":true}]}}